{"id":1023,"date":"2022-05-24T08:40:32","date_gmt":"2022-05-24T08:40:32","guid":{"rendered":"https:\/\/mosesroboticaiautoma.live-website.com\/?page_id=1023"},"modified":"2022-06-02T07:48:44","modified_gmt":"2022-06-02T07:48:44","slug":"datenschutzerklaerung","status":"publish","type":"page","link":"https:\/\/autocam.de\/en\/automatische-offline-programmierung-mit-moses-robotic-ai\/datenschutzerklaerung","title":{"rendered":"Privacy policy"},"content":{"rendered":"<h2 class=\"wp-block-heading\">Basic<\/h2>\n\n\n\n<p>This privacy policy is intended to inform the users of this website about the nature, scope and purpose of the collection and use of personal data by the website operator AUTOCAM Informationstechnik GmbH. AUTOCAM Informationstechnik GmbH takes your privacy very seriously and treats your personal data confidentially and in accordance with the statutory provisions. Since new technologies and the constant further development of this website may result in changes to this data protection declaration, we recommend that you read through the data protection declaration again at regular intervals. Definitions of the terms used (e.g. \"personal data\" or \"processing\") can be found in Art. 4 DSGVO.<\/p>\n\n\n\n<h2 class=\"wp-block-heading\">Access data<\/h2>\n\n\n\n<p>We, the website operator or page provider, collect data about accesses to the website based on our legitimate interest (see Art. 6 para. 1 lit. f. DSGVO) and store them as \"server log files\" on the website server. The following data is logged in this way:<\/p>\n\n\n\n<ul class=\"wp-block-list\"><li>Visited website<\/li><li>Time at the moment of access<\/li><li>Amount of data sent in bytes<\/li><li>Source\/reference from which you reached the page<\/li><li>Browser used<\/li><li>Operating system used<\/li><li>IP address used<\/li><\/ul>\n\n\n\n<p>The IP addresses of our website visitors are deleted from the server log files after 7 days. The data is stored for security reasons, e.g. to be able to clarify cases of abuse. If data must be retained for evidentiary reasons, they are exempt from deletion until the incident has been finally clarified.<\/p>\n\n\n\n<h2 class=\"wp-block-heading\">Personal data and cookies<\/h2>\n\n\n\n<p>This website does not collect any personal data other than the above-mentioned access data. This website does not use cookies.<\/p>\n\n\n\n<h2 class=\"wp-block-heading\">Handling of contact data<\/h2>\n\n\n\n<p>If you contact us as the website operator through the contact options offered, your information will be stored so that we can use it to process and respond to your request. Without your consent, this data will not be disclosed to third parties.<\/p>\n\n\n\n<h2 class=\"wp-block-heading\">Your rights<\/h2>\n\n\n\n<p>If you wish a correction, removal or information about the personal data stored about you or have questions regarding the collection, processing or use of your personal data or want to revoke consents granted, please contact the following e-mail address: info(at)autocam.de<\/p>\n\n\n\n<p><\/p>","protected":false},"excerpt":{"rendered":"<p>Grundlegendes Diese Datenschutzerkl\u00e4rung soll die Nutzer dieser Website \u00fcber die Art, den Umfang und den Zweck der Erhebung und Verwendung personenbezogener Daten durch den Websitebetreiber AUTOCAM Informationstechnik GmbH informieren. Die &hellip; <\/p>\n<p class=\"link-more\"><a href=\"https:\/\/autocam.de\/en\/automatische-offline-programmierung-mit-moses-robotic-ai\/datenschutzerklaerung\" class=\"more-link\">Continue reading<span class=\"screen-reader-text\"> &#8222;Datenschutzerkl\u00e4rung&#8220;<\/span><\/a><\/p>","protected":false},"author":2,"featured_media":0,"parent":9,"menu_order":0,"comment_status":"closed","ping_status":"closed","template":"","meta":{"footnotes":""},"class_list":["post-1023","page","type-page","status-publish","hentry"],"yoast_head":"<!-- This site is optimized with the Yoast SEO plugin v27.4 - https:\/\/yoast.com\/product\/yoast-seo-wordpress\/ -->\n<title>Datenschutzerkl\u00e4rung - MOSES Robotic AI<\/title>\n<meta name=\"robots\" content=\"noindex, follow, max-snippet:-1, max-image-preview:large, max-video-preview:-1\" \/>\n<meta property=\"og:locale\" content=\"en_US\" \/>\n<meta property=\"og:type\" content=\"article\" \/>\n<meta property=\"og:title\" content=\"Datenschutzerkl\u00e4rung - MOSES Robotic AI\" \/>\n<meta property=\"og:description\" content=\"Grundlegendes Diese Datenschutzerkl\u00e4rung soll die Nutzer dieser Website \u00fcber die Art, den Umfang und den Zweck der Erhebung und Verwendung personenbezogener Daten durch den Websitebetreiber AUTOCAM Informationstechnik GmbH informieren. Die &hellip; Continue reading &quot;Datenschutzerkl\u00e4rung&quot;\" \/>\n<meta property=\"og:url\" content=\"https:\/\/autocam.de\/en\/automatische-offline-programmierung-mit-moses-robotic-ai\/datenschutzerklaerung\/\" \/>\n<meta property=\"og:site_name\" content=\"MOSES Robotic AI\" \/>\n<meta property=\"article:modified_time\" content=\"2022-06-02T07:48:44+00:00\" \/>\n<meta name=\"twitter:card\" content=\"summary_large_image\" \/>\n<meta name=\"twitter:label1\" content=\"Est. reading time\" \/>\n\t<meta name=\"twitter:data1\" content=\"2 minutes\" \/>\n<script type=\"application\/ld+json\" class=\"yoast-schema-graph\">{\"@context\":\"https:\\\/\\\/schema.org\",\"@graph\":[{\"@type\":\"WebPage\",\"@id\":\"https:\\\/\\\/autocam.de\\\/automatische-offline-programmierung-mit-moses-robotic-ai\\\/datenschutzerklaerung\",\"url\":\"https:\\\/\\\/autocam.de\\\/automatische-offline-programmierung-mit-moses-robotic-ai\\\/datenschutzerklaerung\",\"name\":\"Datenschutzerkl\u00e4rung - MOSES Robotic AI\",\"isPartOf\":{\"@id\":\"https:\\\/\\\/autocam.de\\\/#website\"},\"datePublished\":\"2022-05-24T08:40:32+00:00\",\"dateModified\":\"2022-06-02T07:48:44+00:00\",\"breadcrumb\":{\"@id\":\"https:\\\/\\\/autocam.de\\\/automatische-offline-programmierung-mit-moses-robotic-ai\\\/datenschutzerklaerung#breadcrumb\"},\"inLanguage\":\"en-US\",\"potentialAction\":[{\"@type\":\"ReadAction\",\"target\":[\"https:\\\/\\\/autocam.de\\\/automatische-offline-programmierung-mit-moses-robotic-ai\\\/datenschutzerklaerung\"]}]},{\"@type\":\"BreadcrumbList\",\"@id\":\"https:\\\/\\\/autocam.de\\\/automatische-offline-programmierung-mit-moses-robotic-ai\\\/datenschutzerklaerung#breadcrumb\",\"itemListElement\":[{\"@type\":\"ListItem\",\"position\":1,\"name\":\"Startseite\",\"item\":\"https:\\\/\\\/autocam.de\\\/\"},{\"@type\":\"ListItem\",\"position\":2,\"name\":\"Automatische Offline Programmierung mit MOSES ROBOTICS AI\",\"item\":\"https:\\\/\\\/autocam.de\\\/\"},{\"@type\":\"ListItem\",\"position\":3,\"name\":\"Datenschutzerkl\u00e4rung\"}]},{\"@type\":\"WebSite\",\"@id\":\"https:\\\/\\\/autocam.de\\\/#website\",\"url\":\"https:\\\/\\\/autocam.de\\\/\",\"name\":\"MOSES Robotic AI\",\"description\":\"Fast Automatic Offline-Programming\",\"publisher\":{\"@id\":\"https:\\\/\\\/autocam.de\\\/#organization\"},\"potentialAction\":[{\"@type\":\"SearchAction\",\"target\":{\"@type\":\"EntryPoint\",\"urlTemplate\":\"https:\\\/\\\/autocam.de\\\/?s={search_term_string}\"},\"query-input\":{\"@type\":\"PropertyValueSpecification\",\"valueRequired\":true,\"valueName\":\"search_term_string\"}}],\"inLanguage\":\"en-US\"},{\"@type\":\"Organization\",\"@id\":\"https:\\\/\\\/autocam.de\\\/#organization\",\"name\":\"AUTOCAM\",\"url\":\"https:\\\/\\\/autocam.de\\\/\",\"logo\":{\"@type\":\"ImageObject\",\"inLanguage\":\"en-US\",\"@id\":\"https:\\\/\\\/autocam.de\\\/#\\\/schema\\\/logo\\\/image\\\/\",\"url\":\"https:\\\/\\\/autocam.de\\\/wp-content\\\/uploads\\\/2020\\\/09\\\/cropped-autocam_logo_transparent_ohne_schrift_hell_re_512.png\",\"contentUrl\":\"https:\\\/\\\/autocam.de\\\/wp-content\\\/uploads\\\/2020\\\/09\\\/cropped-autocam_logo_transparent_ohne_schrift_hell_re_512.png\",\"width\":250,\"height\":250,\"caption\":\"AUTOCAM\"},\"image\":{\"@id\":\"https:\\\/\\\/autocam.de\\\/#\\\/schema\\\/logo\\\/image\\\/\"}}]}<\/script>\n<!-- \/ Yoast SEO plugin. -->","yoast_head_json":{"title":"Datenschutzerkl\u00e4rung - MOSES Robotic AI","robots":{"index":"noindex","follow":"follow","max-snippet":"max-snippet:-1","max-image-preview":"max-image-preview:large","max-video-preview":"max-video-preview:-1"},"og_locale":"en_US","og_type":"article","og_title":"Datenschutzerkl\u00e4rung - MOSES Robotic AI","og_description":"Grundlegendes Diese Datenschutzerkl\u00e4rung soll die Nutzer dieser Website \u00fcber die Art, den Umfang und den Zweck der Erhebung und Verwendung personenbezogener Daten durch den Websitebetreiber AUTOCAM Informationstechnik GmbH informieren. Die &hellip; Continue reading \"Datenschutzerkl\u00e4rung\"","og_url":"https:\/\/autocam.de\/en\/automatische-offline-programmierung-mit-moses-robotic-ai\/datenschutzerklaerung\/","og_site_name":"MOSES Robotic AI","article_modified_time":"2022-06-02T07:48:44+00:00","twitter_card":"summary_large_image","twitter_misc":{"Est. reading time":"2 minutes"},"schema":{"@context":"https:\/\/schema.org","@graph":[{"@type":"WebPage","@id":"https:\/\/autocam.de\/automatische-offline-programmierung-mit-moses-robotic-ai\/datenschutzerklaerung","url":"https:\/\/autocam.de\/automatische-offline-programmierung-mit-moses-robotic-ai\/datenschutzerklaerung","name":"Datenschutzerkl\u00e4rung - MOSES Robotic AI","isPartOf":{"@id":"https:\/\/autocam.de\/#website"},"datePublished":"2022-05-24T08:40:32+00:00","dateModified":"2022-06-02T07:48:44+00:00","breadcrumb":{"@id":"https:\/\/autocam.de\/automatische-offline-programmierung-mit-moses-robotic-ai\/datenschutzerklaerung#breadcrumb"},"inLanguage":"en-US","potentialAction":[{"@type":"ReadAction","target":["https:\/\/autocam.de\/automatische-offline-programmierung-mit-moses-robotic-ai\/datenschutzerklaerung"]}]},{"@type":"BreadcrumbList","@id":"https:\/\/autocam.de\/automatische-offline-programmierung-mit-moses-robotic-ai\/datenschutzerklaerung#breadcrumb","itemListElement":[{"@type":"ListItem","position":1,"name":"Startseite","item":"https:\/\/autocam.de\/"},{"@type":"ListItem","position":2,"name":"Automatische Offline Programmierung mit MOSES ROBOTICS AI","item":"https:\/\/autocam.de\/"},{"@type":"ListItem","position":3,"name":"Datenschutzerkl\u00e4rung"}]},{"@type":"WebSite","@id":"https:\/\/autocam.de\/#website","url":"https:\/\/autocam.de\/","name":"MOSES Robotic AI","description":"Fast Automatic Offline-Programming","publisher":{"@id":"https:\/\/autocam.de\/#organization"},"potentialAction":[{"@type":"SearchAction","target":{"@type":"EntryPoint","urlTemplate":"https:\/\/autocam.de\/?s={search_term_string}"},"query-input":{"@type":"PropertyValueSpecification","valueRequired":true,"valueName":"search_term_string"}}],"inLanguage":"en-US"},{"@type":"Organization","@id":"https:\/\/autocam.de\/#organization","name":"AUTOCAM","url":"https:\/\/autocam.de\/","logo":{"@type":"ImageObject","inLanguage":"en-US","@id":"https:\/\/autocam.de\/#\/schema\/logo\/image\/","url":"https:\/\/autocam.de\/wp-content\/uploads\/2020\/09\/cropped-autocam_logo_transparent_ohne_schrift_hell_re_512.png","contentUrl":"https:\/\/autocam.de\/wp-content\/uploads\/2020\/09\/cropped-autocam_logo_transparent_ohne_schrift_hell_re_512.png","width":250,"height":250,"caption":"AUTOCAM"},"image":{"@id":"https:\/\/autocam.de\/#\/schema\/logo\/image\/"}}]}},"_links":{"self":[{"href":"https:\/\/autocam.de\/en\/wp-json\/wp\/v2\/pages\/1023","targetHints":{"allow":["GET"]}}],"collection":[{"href":"https:\/\/autocam.de\/en\/wp-json\/wp\/v2\/pages"}],"about":[{"href":"https:\/\/autocam.de\/en\/wp-json\/wp\/v2\/types\/page"}],"author":[{"embeddable":true,"href":"https:\/\/autocam.de\/en\/wp-json\/wp\/v2\/users\/2"}],"replies":[{"embeddable":true,"href":"https:\/\/autocam.de\/en\/wp-json\/wp\/v2\/comments?post=1023"}],"version-history":[{"count":5,"href":"https:\/\/autocam.de\/en\/wp-json\/wp\/v2\/pages\/1023\/revisions"}],"predecessor-version":[{"id":1284,"href":"https:\/\/autocam.de\/en\/wp-json\/wp\/v2\/pages\/1023\/revisions\/1284"}],"up":[{"embeddable":true,"href":"https:\/\/autocam.de\/en\/wp-json\/wp\/v2\/pages\/9"}],"wp:attachment":[{"href":"https:\/\/autocam.de\/en\/wp-json\/wp\/v2\/media?parent=1023"}],"curies":[{"name":"wp","href":"https:\/\/api.w.org\/{rel}","templated":true}]}}