{"id":1041,"date":"2022-05-24T12:58:05","date_gmt":"2022-05-24T12:58:05","guid":{"rendered":"https:\/\/mosesroboticaiautoma.live-website.com\/?page_id=1041"},"modified":"2022-05-31T12:47:48","modified_gmt":"2022-05-31T12:47:48","slug":"moses-spool-designer","status":"publish","type":"page","link":"https:\/\/autocam.de\/en\/automatische-offline-programmierung-mit-moses-robotic-ai\/moses-spool-designer","title":{"rendered":"MOSES Spool Designer"},"content":{"rendered":"<p>With this module, welding programs for welding individual piping elements together can be created very quickly. The elements currently available are flanges, centric and eccentric reducers, elbows, tees and heads.<\/p>\n\n\n\n<figure class=\"wp-block-image size-full is-style-default\"><img fetchpriority=\"high\" decoding=\"async\" width=\"1906\" height=\"1111\" src=\"https:\/\/autocam.de\/wp-content\/uploads\/2022\/05\/spool_moses.jpg\" alt=\"\" class=\"wp-image-1045\" srcset=\"https:\/\/autocam.de\/wp-content\/uploads\/2022\/05\/spool_moses.jpg 1906w, https:\/\/autocam.de\/wp-content\/uploads\/2022\/05\/spool_moses-300x175.jpg 300w, https:\/\/autocam.de\/wp-content\/uploads\/2022\/05\/spool_moses-768x448.jpg 768w, https:\/\/autocam.de\/wp-content\/uploads\/2022\/05\/spool_moses-1536x895.jpg 1536w, https:\/\/autocam.de\/wp-content\/uploads\/2022\/05\/spool_moses-18x10.jpg 18w\" sizes=\"(max-width: 767px) 89vw, (max-width: 1000px) 54vw, (max-width: 1071px) 543px, 580px\" \/><\/figure>\n\n\n\n<div class=\"wp-block-media-text alignwide is-stacked-on-mobile\"><figure class=\"wp-block-media-text__media\"><img decoding=\"async\" width=\"1650\" height=\"1103\" src=\"https:\/\/autocam.de\/wp-content\/uploads\/2022\/05\/weldpattern.jpg\" alt=\"\" class=\"wp-image-1046 size-full\" srcset=\"https:\/\/autocam.de\/wp-content\/uploads\/2022\/05\/weldpattern.jpg 1650w, https:\/\/autocam.de\/wp-content\/uploads\/2022\/05\/weldpattern-300x201.jpg 300w, https:\/\/autocam.de\/wp-content\/uploads\/2022\/05\/weldpattern-768x513.jpg 768w, https:\/\/autocam.de\/wp-content\/uploads\/2022\/05\/weldpattern-1536x1027.jpg 1536w, https:\/\/autocam.de\/wp-content\/uploads\/2022\/05\/weldpattern-18x12.jpg 18w\" sizes=\"(max-width: 767px) 89vw, (max-width: 1000px) 54vw, (max-width: 1071px) 543px, 580px\" \/><\/figure><div class=\"wp-block-media-text__content\">\n<p style=\"font-size:15px\">The weld pattern designer is used to create the weld patterns for the butt welds.<\/p>\n<\/div><\/div>\n\n\n\n<p>In the simulation, the programs are checked for reachability and collision in the virtual cell, and finally the robot program is exported to the controller of the robot system.<\/p>\n\n\n\n<figure class=\"wp-block-image size-full is-style-default\"><img decoding=\"async\" width=\"1909\" height=\"1115\" src=\"https:\/\/autocam.de\/wp-content\/uploads\/2022\/05\/spool_moses2.jpg\" alt=\"\" class=\"wp-image-1047\" srcset=\"https:\/\/autocam.de\/wp-content\/uploads\/2022\/05\/spool_moses2.jpg 1909w, https:\/\/autocam.de\/wp-content\/uploads\/2022\/05\/spool_moses2-300x175.jpg 300w, https:\/\/autocam.de\/wp-content\/uploads\/2022\/05\/spool_moses2-768x449.jpg 768w, https:\/\/autocam.de\/wp-content\/uploads\/2022\/05\/spool_moses2-1536x897.jpg 1536w, https:\/\/autocam.de\/wp-content\/uploads\/2022\/05\/spool_moses2-18x12.jpg 18w\" sizes=\"(max-width: 767px) 89vw, (max-width: 1000px) 54vw, (max-width: 1071px) 543px, 580px\" \/><\/figure>\n\n\n\n<figure class=\"wp-block-gallery has-nested-images columns-default is-cropped wp-block-gallery-2 is-layout-flex wp-block-gallery-is-layout-flex\">\n<figure class=\"wp-block-image size-large is-style-default\"><img loading=\"lazy\" decoding=\"async\" width=\"2200\" height=\"1467\" data-id=\"1049\" src=\"https:\/\/autocam.de\/wp-content\/uploads\/2022\/05\/IMG_0267-2200x1467.jpg\" alt=\"\" class=\"wp-image-1049\" srcset=\"https:\/\/autocam.de\/wp-content\/uploads\/2022\/05\/IMG_0267-2200x1467.jpg 2200w, https:\/\/autocam.de\/wp-content\/uploads\/2022\/05\/IMG_0267-300x200.jpg 300w, https:\/\/autocam.de\/wp-content\/uploads\/2022\/05\/IMG_0267-768x512.jpg 768w, https:\/\/autocam.de\/wp-content\/uploads\/2022\/05\/IMG_0267-1536x1024.jpg 1536w, https:\/\/autocam.de\/wp-content\/uploads\/2022\/05\/IMG_0267-2048x1365.jpg 2048w, https:\/\/autocam.de\/wp-content\/uploads\/2022\/05\/IMG_0267-18x12.jpg 18w\" sizes=\"(max-width: 767px) 89vw, (max-width: 1000px) 54vw, (max-width: 1071px) 543px, 580px\" \/><\/figure>\n\n\n\n<figure class=\"wp-block-image size-large is-style-default\"><img loading=\"lazy\" decoding=\"async\" width=\"2200\" height=\"1467\" data-id=\"1052\" src=\"https:\/\/autocam.de\/wp-content\/uploads\/2022\/05\/IMG_0268-2200x1467.jpg\" alt=\"\" class=\"wp-image-1052\" srcset=\"https:\/\/autocam.de\/wp-content\/uploads\/2022\/05\/IMG_0268-2200x1467.jpg 2200w, https:\/\/autocam.de\/wp-content\/uploads\/2022\/05\/IMG_0268-300x200.jpg 300w, https:\/\/autocam.de\/wp-content\/uploads\/2022\/05\/IMG_0268-768x512.jpg 768w, https:\/\/autocam.de\/wp-content\/uploads\/2022\/05\/IMG_0268-1536x1024.jpg 1536w, https:\/\/autocam.de\/wp-content\/uploads\/2022\/05\/IMG_0268-2048x1365.jpg 2048w, https:\/\/autocam.de\/wp-content\/uploads\/2022\/05\/IMG_0268-18x12.jpg 18w\" sizes=\"(max-width: 767px) 89vw, (max-width: 1000px) 54vw, (max-width: 1071px) 543px, 580px\" \/><\/figure>\n\n\n\n<figure class=\"wp-block-image size-large is-style-default\"><img loading=\"lazy\" decoding=\"async\" width=\"2200\" height=\"1467\" data-id=\"1051\" src=\"https:\/\/autocam.de\/wp-content\/uploads\/2022\/05\/IMG_0269-2200x1467.jpg\" alt=\"\" class=\"wp-image-1051\" srcset=\"https:\/\/autocam.de\/wp-content\/uploads\/2022\/05\/IMG_0269-2200x1467.jpg 2200w, https:\/\/autocam.de\/wp-content\/uploads\/2022\/05\/IMG_0269-300x200.jpg 300w, https:\/\/autocam.de\/wp-content\/uploads\/2022\/05\/IMG_0269-768x512.jpg 768w, https:\/\/autocam.de\/wp-content\/uploads\/2022\/05\/IMG_0269-1536x1024.jpg 1536w, https:\/\/autocam.de\/wp-content\/uploads\/2022\/05\/IMG_0269-2048x1365.jpg 2048w, https:\/\/autocam.de\/wp-content\/uploads\/2022\/05\/IMG_0269-18x12.jpg 18w\" sizes=\"(max-width: 767px) 89vw, (max-width: 1000px) 54vw, (max-width: 1071px) 543px, 580px\" \/><\/figure>\n\n\n\n<figure class=\"wp-block-image size-large is-style-default\"><img loading=\"lazy\" decoding=\"async\" width=\"2200\" height=\"1467\" data-id=\"1053\" src=\"https:\/\/autocam.de\/wp-content\/uploads\/2022\/05\/IMG_0270-2200x1467.jpg\" alt=\"\" class=\"wp-image-1053\" srcset=\"https:\/\/autocam.de\/wp-content\/uploads\/2022\/05\/IMG_0270-2200x1467.jpg 2200w, https:\/\/autocam.de\/wp-content\/uploads\/2022\/05\/IMG_0270-300x200.jpg 300w, https:\/\/autocam.de\/wp-content\/uploads\/2022\/05\/IMG_0270-768x512.jpg 768w, https:\/\/autocam.de\/wp-content\/uploads\/2022\/05\/IMG_0270-1536x1024.jpg 1536w, https:\/\/autocam.de\/wp-content\/uploads\/2022\/05\/IMG_0270-2048x1365.jpg 2048w, https:\/\/autocam.de\/wp-content\/uploads\/2022\/05\/IMG_0270-18x12.jpg 18w\" sizes=\"(max-width: 767px) 89vw, (max-width: 1000px) 54vw, (max-width: 1071px) 543px, 580px\" \/><\/figure>\n\n\n\n<figure class=\"wp-block-image size-large is-style-default\"><img loading=\"lazy\" decoding=\"async\" width=\"2200\" height=\"1467\" data-id=\"1050\" src=\"https:\/\/autocam.de\/wp-content\/uploads\/2022\/05\/IMG_0293-2200x1467.jpg\" alt=\"\" class=\"wp-image-1050\" srcset=\"https:\/\/autocam.de\/wp-content\/uploads\/2022\/05\/IMG_0293-2200x1467.jpg 2200w, https:\/\/autocam.de\/wp-content\/uploads\/2022\/05\/IMG_0293-300x200.jpg 300w, https:\/\/autocam.de\/wp-content\/uploads\/2022\/05\/IMG_0293-768x512.jpg 768w, https:\/\/autocam.de\/wp-content\/uploads\/2022\/05\/IMG_0293-1536x1024.jpg 1536w, https:\/\/autocam.de\/wp-content\/uploads\/2022\/05\/IMG_0293-2048x1365.jpg 2048w, https:\/\/autocam.de\/wp-content\/uploads\/2022\/05\/IMG_0293-18x12.jpg 18w\" sizes=\"(max-width: 767px) 89vw, (max-width: 1000px) 54vw, (max-width: 1071px) 543px, 580px\" \/><\/figure>\n\n\n\n<figure class=\"wp-block-image size-large is-style-default\"><img loading=\"lazy\" decoding=\"async\" width=\"1728\" height=\"1152\" data-id=\"1048\" src=\"https:\/\/autocam.de\/wp-content\/uploads\/2022\/05\/IMG_0294-2.jpg\" alt=\"\" class=\"wp-image-1048\" srcset=\"https:\/\/autocam.de\/wp-content\/uploads\/2022\/05\/IMG_0294-2.jpg 1728w, https:\/\/autocam.de\/wp-content\/uploads\/2022\/05\/IMG_0294-2-300x200.jpg 300w, https:\/\/autocam.de\/wp-content\/uploads\/2022\/05\/IMG_0294-2-768x512.jpg 768w, https:\/\/autocam.de\/wp-content\/uploads\/2022\/05\/IMG_0294-2-1536x1024.jpg 1536w, https:\/\/autocam.de\/wp-content\/uploads\/2022\/05\/IMG_0294-2-18x12.jpg 18w\" sizes=\"(max-width: 767px) 89vw, (max-width: 1000px) 54vw, (max-width: 1071px) 543px, 580px\" \/><\/figure>\n\n\n\n<figure class=\"wp-block-image size-large is-style-default\"><img loading=\"lazy\" decoding=\"async\" width=\"2200\" height=\"1467\" data-id=\"1055\" src=\"https:\/\/autocam.de\/wp-content\/uploads\/2022\/05\/IMG_0295-2200x1467.jpg\" alt=\"\" class=\"wp-image-1055\" srcset=\"https:\/\/autocam.de\/wp-content\/uploads\/2022\/05\/IMG_0295-2200x1467.jpg 2200w, https:\/\/autocam.de\/wp-content\/uploads\/2022\/05\/IMG_0295-300x200.jpg 300w, https:\/\/autocam.de\/wp-content\/uploads\/2022\/05\/IMG_0295-768x512.jpg 768w, https:\/\/autocam.de\/wp-content\/uploads\/2022\/05\/IMG_0295-1536x1024.jpg 1536w, https:\/\/autocam.de\/wp-content\/uploads\/2022\/05\/IMG_0295-2048x1365.jpg 2048w, https:\/\/autocam.de\/wp-content\/uploads\/2022\/05\/IMG_0295-18x12.jpg 18w\" sizes=\"(max-width: 767px) 89vw, (max-width: 1000px) 54vw, (max-width: 1071px) 543px, 580px\" \/><\/figure>\n\n\n\n<figure class=\"wp-block-image size-large is-style-default\"><img loading=\"lazy\" decoding=\"async\" width=\"2200\" height=\"1467\" data-id=\"1054\" src=\"https:\/\/autocam.de\/wp-content\/uploads\/2022\/05\/IMG_0296-2200x1467.jpg\" alt=\"\" class=\"wp-image-1054\" srcset=\"https:\/\/autocam.de\/wp-content\/uploads\/2022\/05\/IMG_0296-2200x1467.jpg 2200w, https:\/\/autocam.de\/wp-content\/uploads\/2022\/05\/IMG_0296-300x200.jpg 300w, https:\/\/autocam.de\/wp-content\/uploads\/2022\/05\/IMG_0296-768x512.jpg 768w, https:\/\/autocam.de\/wp-content\/uploads\/2022\/05\/IMG_0296-1536x1024.jpg 1536w, https:\/\/autocam.de\/wp-content\/uploads\/2022\/05\/IMG_0296-2048x1365.jpg 2048w, https:\/\/autocam.de\/wp-content\/uploads\/2022\/05\/IMG_0296-18x12.jpg 18w\" sizes=\"(max-width: 767px) 89vw, (max-width: 1000px) 54vw, (max-width: 1071px) 543px, 580px\" \/><\/figure>\n\n\n\n<figure class=\"wp-block-image size-large is-style-default\"><img loading=\"lazy\" decoding=\"async\" width=\"2200\" height=\"1467\" data-id=\"1056\" src=\"https:\/\/autocam.de\/wp-content\/uploads\/2022\/05\/IMG_0297-2200x1467.jpg\" alt=\"\" class=\"wp-image-1056\" srcset=\"https:\/\/autocam.de\/wp-content\/uploads\/2022\/05\/IMG_0297-2200x1467.jpg 2200w, https:\/\/autocam.de\/wp-content\/uploads\/2022\/05\/IMG_0297-300x200.jpg 300w, https:\/\/autocam.de\/wp-content\/uploads\/2022\/05\/IMG_0297-768x512.jpg 768w, https:\/\/autocam.de\/wp-content\/uploads\/2022\/05\/IMG_0297-1536x1024.jpg 1536w, https:\/\/autocam.de\/wp-content\/uploads\/2022\/05\/IMG_0297-2048x1365.jpg 2048w, https:\/\/autocam.de\/wp-content\/uploads\/2022\/05\/IMG_0297-18x12.jpg 18w\" sizes=\"(max-width: 767px) 89vw, (max-width: 1000px) 54vw, (max-width: 1071px) 543px, 580px\" \/><\/figure>\n\n\n\n<figure class=\"wp-block-image size-large is-style-default\"><img loading=\"lazy\" decoding=\"async\" width=\"2200\" height=\"1467\" data-id=\"1057\" src=\"https:\/\/autocam.de\/wp-content\/uploads\/2022\/05\/IMG_0298-2200x1467.jpg\" alt=\"\" class=\"wp-image-1057\" srcset=\"https:\/\/autocam.de\/wp-content\/uploads\/2022\/05\/IMG_0298-2200x1467.jpg 2200w, https:\/\/autocam.de\/wp-content\/uploads\/2022\/05\/IMG_0298-300x200.jpg 300w, https:\/\/autocam.de\/wp-content\/uploads\/2022\/05\/IMG_0298-768x512.jpg 768w, https:\/\/autocam.de\/wp-content\/uploads\/2022\/05\/IMG_0298-1536x1024.jpg 1536w, https:\/\/autocam.de\/wp-content\/uploads\/2022\/05\/IMG_0298-2048x1365.jpg 2048w, https:\/\/autocam.de\/wp-content\/uploads\/2022\/05\/IMG_0298-18x12.jpg 18w\" sizes=\"(max-width: 767px) 89vw, (max-width: 1000px) 54vw, (max-width: 1071px) 543px, 580px\" \/><\/figure>\n\n\n\n<figure class=\"wp-block-image size-large is-style-default\"><img loading=\"lazy\" decoding=\"async\" width=\"2200\" height=\"1467\" data-id=\"1058\" src=\"https:\/\/autocam.de\/wp-content\/uploads\/2022\/05\/IMG_0299-2200x1467.jpg\" alt=\"\" class=\"wp-image-1058\" srcset=\"https:\/\/autocam.de\/wp-content\/uploads\/2022\/05\/IMG_0299-2200x1467.jpg 2200w, https:\/\/autocam.de\/wp-content\/uploads\/2022\/05\/IMG_0299-300x200.jpg 300w, https:\/\/autocam.de\/wp-content\/uploads\/2022\/05\/IMG_0299-768x512.jpg 768w, https:\/\/autocam.de\/wp-content\/uploads\/2022\/05\/IMG_0299-1536x1024.jpg 1536w, https:\/\/autocam.de\/wp-content\/uploads\/2022\/05\/IMG_0299-2048x1365.jpg 2048w, https:\/\/autocam.de\/wp-content\/uploads\/2022\/05\/IMG_0299-18x12.jpg 18w\" sizes=\"(max-width: 767px) 89vw, (max-width: 1000px) 54vw, (max-width: 1071px) 543px, 580px\" \/><\/figure>\n<\/figure>","protected":false},"excerpt":{"rendered":"<p>Mit diesem Modul lassen sich sehr schnell Schwei\u00dfprogramme f\u00fcr das Verbinden einzelner Rohrleitungselemente erstellen. Als Elemente stehen zurzeit Flansche, zentrische und exzentrische Reduzierst\u00fccke, Kr\u00fcmmer, T-St\u00fccke und B\u00f6den zur Verf\u00fcgung. F\u00fcr &hellip; <\/p>\n<p class=\"link-more\"><a href=\"https:\/\/autocam.de\/en\/automatische-offline-programmierung-mit-moses-robotic-ai\/moses-spool-designer\" class=\"more-link\">Continue reading<span class=\"screen-reader-text\"> &#8222;MOSES Spool Designer&#8220;<\/span><\/a><\/p>","protected":false},"author":2,"featured_media":0,"parent":9,"menu_order":0,"comment_status":"closed","ping_status":"closed","template":"","meta":{"footnotes":""},"class_list":["post-1041","page","type-page","status-publish","hentry"],"yoast_head":"<!-- This site is optimized with the Yoast SEO plugin v27.4 - https:\/\/yoast.com\/product\/yoast-seo-wordpress\/ -->\n<title>MOSES Spool Designer - MOSES Robotic AI<\/title>\n<meta name=\"robots\" content=\"noindex, follow, max-snippet:-1, max-image-preview:large, max-video-preview:-1\" \/>\n<meta property=\"og:locale\" content=\"en_US\" \/>\n<meta property=\"og:type\" content=\"article\" \/>\n<meta property=\"og:title\" content=\"MOSES Spool Designer - MOSES Robotic AI\" \/>\n<meta property=\"og:description\" content=\"Mit diesem Modul lassen sich sehr schnell Schwei\u00dfprogramme f\u00fcr das Verbinden einzelner Rohrleitungselemente erstellen. Als Elemente stehen zurzeit Flansche, zentrische und exzentrische Reduzierst\u00fccke, Kr\u00fcmmer, T-St\u00fccke und B\u00f6den zur Verf\u00fcgung. F\u00fcr &hellip; Continue reading &quot;MOSES Spool Designer&quot;\" \/>\n<meta property=\"og:url\" content=\"https:\/\/autocam.de\/en\/automatische-offline-programmierung-mit-moses-robotic-ai\/moses-spool-designer\/\" \/>\n<meta property=\"og:site_name\" content=\"MOSES Robotic AI\" \/>\n<meta property=\"article:modified_time\" content=\"2022-05-31T12:47:48+00:00\" \/>\n<meta property=\"og:image\" content=\"https:\/\/autocam.de\/wp-content\/uploads\/2022\/05\/spool_moses.jpg\" \/>\n<meta name=\"twitter:card\" content=\"summary_large_image\" \/>\n<script type=\"application\/ld+json\" class=\"yoast-schema-graph\">{\"@context\":\"https:\\\/\\\/schema.org\",\"@graph\":[{\"@type\":\"WebPage\",\"@id\":\"https:\\\/\\\/autocam.de\\\/automatische-offline-programmierung-mit-moses-robotic-ai\\\/moses-spool-designer\",\"url\":\"https:\\\/\\\/autocam.de\\\/automatische-offline-programmierung-mit-moses-robotic-ai\\\/moses-spool-designer\",\"name\":\"MOSES Spool Designer - MOSES Robotic AI\",\"isPartOf\":{\"@id\":\"https:\\\/\\\/autocam.de\\\/#website\"},\"primaryImageOfPage\":{\"@id\":\"https:\\\/\\\/autocam.de\\\/automatische-offline-programmierung-mit-moses-robotic-ai\\\/moses-spool-designer#primaryimage\"},\"image\":{\"@id\":\"https:\\\/\\\/autocam.de\\\/automatische-offline-programmierung-mit-moses-robotic-ai\\\/moses-spool-designer#primaryimage\"},\"thumbnailUrl\":\"https:\\\/\\\/autocam.de\\\/wp-content\\\/uploads\\\/2022\\\/05\\\/spool_moses.jpg\",\"datePublished\":\"2022-05-24T12:58:05+00:00\",\"dateModified\":\"2022-05-31T12:47:48+00:00\",\"breadcrumb\":{\"@id\":\"https:\\\/\\\/autocam.de\\\/automatische-offline-programmierung-mit-moses-robotic-ai\\\/moses-spool-designer#breadcrumb\"},\"inLanguage\":\"en-US\",\"potentialAction\":[{\"@type\":\"ReadAction\",\"target\":[\"https:\\\/\\\/autocam.de\\\/automatische-offline-programmierung-mit-moses-robotic-ai\\\/moses-spool-designer\"]}]},{\"@type\":\"ImageObject\",\"inLanguage\":\"en-US\",\"@id\":\"https:\\\/\\\/autocam.de\\\/automatische-offline-programmierung-mit-moses-robotic-ai\\\/moses-spool-designer#primaryimage\",\"url\":\"https:\\\/\\\/autocam.de\\\/wp-content\\\/uploads\\\/2022\\\/05\\\/spool_moses.jpg\",\"contentUrl\":\"https:\\\/\\\/autocam.de\\\/wp-content\\\/uploads\\\/2022\\\/05\\\/spool_moses.jpg\"},{\"@type\":\"BreadcrumbList\",\"@id\":\"https:\\\/\\\/autocam.de\\\/automatische-offline-programmierung-mit-moses-robotic-ai\\\/moses-spool-designer#breadcrumb\",\"itemListElement\":[{\"@type\":\"ListItem\",\"position\":1,\"name\":\"Startseite\",\"item\":\"https:\\\/\\\/autocam.de\\\/\"},{\"@type\":\"ListItem\",\"position\":2,\"name\":\"Automatische Offline Programmierung mit MOSES ROBOTICS AI\",\"item\":\"https:\\\/\\\/autocam.de\\\/\"},{\"@type\":\"ListItem\",\"position\":3,\"name\":\"MOSES Spool Designer\"}]},{\"@type\":\"WebSite\",\"@id\":\"https:\\\/\\\/autocam.de\\\/#website\",\"url\":\"https:\\\/\\\/autocam.de\\\/\",\"name\":\"MOSES Robotic AI\",\"description\":\"Fast Automatic Offline-Programming\",\"publisher\":{\"@id\":\"https:\\\/\\\/autocam.de\\\/#organization\"},\"potentialAction\":[{\"@type\":\"SearchAction\",\"target\":{\"@type\":\"EntryPoint\",\"urlTemplate\":\"https:\\\/\\\/autocam.de\\\/?s={search_term_string}\"},\"query-input\":{\"@type\":\"PropertyValueSpecification\",\"valueRequired\":true,\"valueName\":\"search_term_string\"}}],\"inLanguage\":\"en-US\"},{\"@type\":\"Organization\",\"@id\":\"https:\\\/\\\/autocam.de\\\/#organization\",\"name\":\"AUTOCAM\",\"url\":\"https:\\\/\\\/autocam.de\\\/\",\"logo\":{\"@type\":\"ImageObject\",\"inLanguage\":\"en-US\",\"@id\":\"https:\\\/\\\/autocam.de\\\/#\\\/schema\\\/logo\\\/image\\\/\",\"url\":\"https:\\\/\\\/autocam.de\\\/wp-content\\\/uploads\\\/2020\\\/09\\\/cropped-autocam_logo_transparent_ohne_schrift_hell_re_512.png\",\"contentUrl\":\"https:\\\/\\\/autocam.de\\\/wp-content\\\/uploads\\\/2020\\\/09\\\/cropped-autocam_logo_transparent_ohne_schrift_hell_re_512.png\",\"width\":250,\"height\":250,\"caption\":\"AUTOCAM\"},\"image\":{\"@id\":\"https:\\\/\\\/autocam.de\\\/#\\\/schema\\\/logo\\\/image\\\/\"}}]}<\/script>\n<!-- \/ Yoast SEO plugin. -->","yoast_head_json":{"title":"MOSES Spool Designer - MOSES Robotic AI","robots":{"index":"noindex","follow":"follow","max-snippet":"max-snippet:-1","max-image-preview":"max-image-preview:large","max-video-preview":"max-video-preview:-1"},"og_locale":"en_US","og_type":"article","og_title":"MOSES Spool Designer - MOSES Robotic AI","og_description":"Mit diesem Modul lassen sich sehr schnell Schwei\u00dfprogramme f\u00fcr das Verbinden einzelner Rohrleitungselemente erstellen. Als Elemente stehen zurzeit Flansche, zentrische und exzentrische Reduzierst\u00fccke, Kr\u00fcmmer, T-St\u00fccke und B\u00f6den zur Verf\u00fcgung. F\u00fcr &hellip; Continue reading \"MOSES Spool Designer\"","og_url":"https:\/\/autocam.de\/en\/automatische-offline-programmierung-mit-moses-robotic-ai\/moses-spool-designer\/","og_site_name":"MOSES Robotic AI","article_modified_time":"2022-05-31T12:47:48+00:00","og_image":[{"url":"https:\/\/autocam.de\/wp-content\/uploads\/2022\/05\/spool_moses.jpg","type":"","width":"","height":""}],"twitter_card":"summary_large_image","schema":{"@context":"https:\/\/schema.org","@graph":[{"@type":"WebPage","@id":"https:\/\/autocam.de\/automatische-offline-programmierung-mit-moses-robotic-ai\/moses-spool-designer","url":"https:\/\/autocam.de\/automatische-offline-programmierung-mit-moses-robotic-ai\/moses-spool-designer","name":"MOSES Spool Designer - MOSES Robotic AI","isPartOf":{"@id":"https:\/\/autocam.de\/#website"},"primaryImageOfPage":{"@id":"https:\/\/autocam.de\/automatische-offline-programmierung-mit-moses-robotic-ai\/moses-spool-designer#primaryimage"},"image":{"@id":"https:\/\/autocam.de\/automatische-offline-programmierung-mit-moses-robotic-ai\/moses-spool-designer#primaryimage"},"thumbnailUrl":"https:\/\/autocam.de\/wp-content\/uploads\/2022\/05\/spool_moses.jpg","datePublished":"2022-05-24T12:58:05+00:00","dateModified":"2022-05-31T12:47:48+00:00","breadcrumb":{"@id":"https:\/\/autocam.de\/automatische-offline-programmierung-mit-moses-robotic-ai\/moses-spool-designer#breadcrumb"},"inLanguage":"en-US","potentialAction":[{"@type":"ReadAction","target":["https:\/\/autocam.de\/automatische-offline-programmierung-mit-moses-robotic-ai\/moses-spool-designer"]}]},{"@type":"ImageObject","inLanguage":"en-US","@id":"https:\/\/autocam.de\/automatische-offline-programmierung-mit-moses-robotic-ai\/moses-spool-designer#primaryimage","url":"https:\/\/autocam.de\/wp-content\/uploads\/2022\/05\/spool_moses.jpg","contentUrl":"https:\/\/autocam.de\/wp-content\/uploads\/2022\/05\/spool_moses.jpg"},{"@type":"BreadcrumbList","@id":"https:\/\/autocam.de\/automatische-offline-programmierung-mit-moses-robotic-ai\/moses-spool-designer#breadcrumb","itemListElement":[{"@type":"ListItem","position":1,"name":"Startseite","item":"https:\/\/autocam.de\/"},{"@type":"ListItem","position":2,"name":"Automatische Offline Programmierung mit MOSES ROBOTICS AI","item":"https:\/\/autocam.de\/"},{"@type":"ListItem","position":3,"name":"MOSES Spool Designer"}]},{"@type":"WebSite","@id":"https:\/\/autocam.de\/#website","url":"https:\/\/autocam.de\/","name":"MOSES Robotic AI","description":"Fast Automatic Offline-Programming","publisher":{"@id":"https:\/\/autocam.de\/#organization"},"potentialAction":[{"@type":"SearchAction","target":{"@type":"EntryPoint","urlTemplate":"https:\/\/autocam.de\/?s={search_term_string}"},"query-input":{"@type":"PropertyValueSpecification","valueRequired":true,"valueName":"search_term_string"}}],"inLanguage":"en-US"},{"@type":"Organization","@id":"https:\/\/autocam.de\/#organization","name":"AUTOCAM","url":"https:\/\/autocam.de\/","logo":{"@type":"ImageObject","inLanguage":"en-US","@id":"https:\/\/autocam.de\/#\/schema\/logo\/image\/","url":"https:\/\/autocam.de\/wp-content\/uploads\/2020\/09\/cropped-autocam_logo_transparent_ohne_schrift_hell_re_512.png","contentUrl":"https:\/\/autocam.de\/wp-content\/uploads\/2020\/09\/cropped-autocam_logo_transparent_ohne_schrift_hell_re_512.png","width":250,"height":250,"caption":"AUTOCAM"},"image":{"@id":"https:\/\/autocam.de\/#\/schema\/logo\/image\/"}}]}},"_links":{"self":[{"href":"https:\/\/autocam.de\/en\/wp-json\/wp\/v2\/pages\/1041","targetHints":{"allow":["GET"]}}],"collection":[{"href":"https:\/\/autocam.de\/en\/wp-json\/wp\/v2\/pages"}],"about":[{"href":"https:\/\/autocam.de\/en\/wp-json\/wp\/v2\/types\/page"}],"author":[{"embeddable":true,"href":"https:\/\/autocam.de\/en\/wp-json\/wp\/v2\/users\/2"}],"replies":[{"embeddable":true,"href":"https:\/\/autocam.de\/en\/wp-json\/wp\/v2\/comments?post=1041"}],"version-history":[{"count":4,"href":"https:\/\/autocam.de\/en\/wp-json\/wp\/v2\/pages\/1041\/revisions"}],"predecessor-version":[{"id":1274,"href":"https:\/\/autocam.de\/en\/wp-json\/wp\/v2\/pages\/1041\/revisions\/1274"}],"up":[{"embeddable":true,"href":"https:\/\/autocam.de\/en\/wp-json\/wp\/v2\/pages\/9"}],"wp:attachment":[{"href":"https:\/\/autocam.de\/en\/wp-json\/wp\/v2\/media?parent=1041"}],"curies":[{"name":"wp","href":"https:\/\/api.w.org\/{rel}","templated":true}]}}