{"id":140,"date":"2021-08-26T08:40:20","date_gmt":"2021-08-26T08:40:20","guid":{"rendered":"https:\/\/mosesroboticaiautoma.live-website.com\/?page_id=140"},"modified":"2022-06-02T07:21:14","modified_gmt":"2022-06-02T07:21:14","slug":"product-groups","status":"publish","type":"page","link":"https:\/\/autocam.de\/en\/automatische-offline-programmierung-mit-moses-robotic-ai\/product-groups","title":{"rendered":"Products to Process"},"content":{"rendered":"<div class=\"wp-block-media-text alignwide is-stacked-on-mobile is-image-fill has-background\" style=\"background-color:#f8f8f8\"><figure class=\"wp-block-media-text__media\" style=\"background-image:url(https:\/\/autocam.de\/wp-content\/uploads\/2021\/10\/schweissbaugruppe_ihc3.png);background-position:50% 50%\"><img fetchpriority=\"high\" decoding=\"async\" width=\"705\" height=\"543\" src=\"https:\/\/autocam.de\/wp-content\/uploads\/2021\/10\/schweissbaugruppe_ihc3.png\" alt=\"\" class=\"wp-image-371 size-full\" srcset=\"https:\/\/autocam.de\/wp-content\/uploads\/2021\/10\/schweissbaugruppe_ihc3.png 705w, https:\/\/autocam.de\/wp-content\/uploads\/2021\/10\/schweissbaugruppe_ihc3-300x231.png 300w\" sizes=\"(max-width: 705px) 100vw, 705px\" \/><\/figure><div class=\"wp-block-media-text__content\">\n<p class=\"has-normal-font-size\"><strong><a href=\"https:\/\/autocam.de\/en\/automatische-offline-programmierung-mit-moses-robotic-ai\/technologiemodule\/moses_arc\/\" data-type=\"URL\" data-id=\"https:\/\/autocam.de\/automatische-offline-programmierung-mit-moses-robotic-ai\/technologiemodule\/moses_arc\">Welding Assemblies<\/a><\/strong><\/p>\n<\/div><\/div>\n\n\n\n<div class=\"wp-block-media-text alignwide is-stacked-on-mobile is-vertically-aligned-center is-image-fill has-background\" style=\"background-color:#f8f8f8\"><figure class=\"wp-block-media-text__media\" style=\"background-image:url(https:\/\/autocam.de\/wp-content\/uploads\/2021\/09\/mooreast-k-2000.jpg);background-position:50% 50%\"><img decoding=\"async\" width=\"2000\" height=\"1333\" src=\"https:\/\/autocam.de\/wp-content\/uploads\/2021\/09\/mooreast-k-2000.jpg\" alt=\"\" class=\"wp-image-303 size-full\" srcset=\"https:\/\/autocam.de\/wp-content\/uploads\/2021\/09\/mooreast-k-2000.jpg 2000w, https:\/\/autocam.de\/wp-content\/uploads\/2021\/09\/mooreast-k-2000-300x200.jpg 300w, https:\/\/autocam.de\/wp-content\/uploads\/2021\/09\/mooreast-k-2000-768x512.jpg 768w, https:\/\/autocam.de\/wp-content\/uploads\/2021\/09\/mooreast-k-2000-1536x1024.jpg 1536w\" sizes=\"(max-width: 767px) 89vw, (max-width: 1000px) 54vw, (max-width: 1071px) 543px, 580px\" \/><\/figure><div class=\"wp-block-media-text__content\">\n<p class=\"has-normal-font-size\" style=\"line-height:1.5\"><strong><a href=\"https:\/\/autocam.de\/en\/moses-sheet-blech\/\" data-type=\"URL\" data-id=\"https:\/\/autocam.de\/moses-sheet-blech\">Sheet Metal Processing<\/a><\/strong><\/p>\n<\/div><\/div>\n\n\n\n<div class=\"wp-block-media-text alignwide is-stacked-on-mobile is-image-fill has-background\" style=\"background-color:#f8f8f8\"><figure class=\"wp-block-media-text__media\" style=\"background-image:url(https:\/\/autocam.de\/wp-content\/uploads\/2021\/08\/pipelines_horizont_ikonisch_iStock-2000.jpg);background-position:50% 50%\"><img decoding=\"async\" width=\"2000\" height=\"1332\" src=\"https:\/\/autocam.de\/wp-content\/uploads\/2021\/08\/pipelines_horizont_ikonisch_iStock-2000.jpg\" alt=\"\" class=\"wp-image-192 size-full\" srcset=\"https:\/\/autocam.de\/wp-content\/uploads\/2021\/08\/pipelines_horizont_ikonisch_iStock-2000.jpg 2000w, https:\/\/autocam.de\/wp-content\/uploads\/2021\/08\/pipelines_horizont_ikonisch_iStock-2000-300x200.jpg 300w, https:\/\/autocam.de\/wp-content\/uploads\/2021\/08\/pipelines_horizont_ikonisch_iStock-2000-768x511.jpg 768w, https:\/\/autocam.de\/wp-content\/uploads\/2021\/08\/pipelines_horizont_ikonisch_iStock-2000-1536x1023.jpg 1536w\" sizes=\"(max-width: 767px) 89vw, (max-width: 1000px) 54vw, (max-width: 1071px) 543px, 580px\" \/><\/figure><div class=\"wp-block-media-text__content\">\n<p class=\"has-normal-font-size\"><strong><a href=\"https:\/\/autocam.de\/en\/automatische-offline-programmierung-mit-moses-robotic-ai\/rohrleitungsbau\/\" data-type=\"URL\" data-id=\"https:\/\/autocam.de\/automatische-offline-programmierung-mit-moses-robotic-ai\/rohrleitungsbau\">Piping<\/a><\/strong><\/p>\n<\/div><\/div>\n\n\n\n<div class=\"wp-block-media-text alignwide is-stacked-on-mobile is-image-fill has-background\" style=\"background-color:#f8f8f8\"><figure class=\"wp-block-media-text__media\" style=\"background-image:url(https:\/\/autocam.de\/wp-content\/uploads\/2021\/09\/offshore-stiftung_jackets_l_2000.jpg);background-position:50% 50%\"><img loading=\"lazy\" decoding=\"async\" width=\"2000\" height=\"1086\" src=\"https:\/\/autocam.de\/wp-content\/uploads\/2021\/09\/offshore-stiftung_jackets_l_2000.jpg\" alt=\"\" class=\"wp-image-316 size-full\" srcset=\"https:\/\/autocam.de\/wp-content\/uploads\/2021\/09\/offshore-stiftung_jackets_l_2000.jpg 2000w, https:\/\/autocam.de\/wp-content\/uploads\/2021\/09\/offshore-stiftung_jackets_l_2000-300x163.jpg 300w, https:\/\/autocam.de\/wp-content\/uploads\/2021\/09\/offshore-stiftung_jackets_l_2000-768x417.jpg 768w, https:\/\/autocam.de\/wp-content\/uploads\/2021\/09\/offshore-stiftung_jackets_l_2000-1536x834.jpg 1536w\" sizes=\"(max-width: 767px) 89vw, (max-width: 1000px) 54vw, (max-width: 1071px) 543px, 580px\" \/><\/figure><div class=\"wp-block-media-text__content\">\n<p class=\"has-normal-font-size\"><strong><a href=\"https:\/\/autocam.de\/en\/automatische-offline-programmierung-mit-moses-robotic-ai\/moses-pipe\/#END_CUT\" data-type=\"URL\" data-id=\"https:\/\/autocam.de\/automatische-offline-programmierung-mit-moses-robotic-ai\/moses-pipe#END_CUT\">Offshore Structures<\/a><\/strong><\/p>\n<\/div><\/div>\n\n\n\n<div class=\"wp-block-media-text alignwide is-stacked-on-mobile is-image-fill has-background\" style=\"background-color:#f8f8f8\"><figure class=\"wp-block-media-text__media\" style=\"background-image:url(https:\/\/autocam.de\/wp-content\/uploads\/2021\/09\/behaelterar_iStock-1224034094_2000.jpg);background-position:50% 50%\"><img loading=\"lazy\" decoding=\"async\" width=\"2000\" height=\"1125\" src=\"https:\/\/autocam.de\/wp-content\/uploads\/2021\/09\/behaelterar_iStock-1224034094_2000.jpg\" alt=\"\" class=\"wp-image-261 size-full\" srcset=\"https:\/\/autocam.de\/wp-content\/uploads\/2021\/09\/behaelterar_iStock-1224034094_2000.jpg 2000w, https:\/\/autocam.de\/wp-content\/uploads\/2021\/09\/behaelterar_iStock-1224034094_2000-300x169.jpg 300w, https:\/\/autocam.de\/wp-content\/uploads\/2021\/09\/behaelterar_iStock-1224034094_2000-768x432.jpg 768w, https:\/\/autocam.de\/wp-content\/uploads\/2021\/09\/behaelterar_iStock-1224034094_2000-1536x864.jpg 1536w\" sizes=\"(max-width: 767px) 89vw, (max-width: 1000px) 54vw, (max-width: 1071px) 543px, 580px\" \/><\/figure><div class=\"wp-block-media-text__content\">\n<p class=\"has-normal-font-size\"><strong><a href=\"https:\/\/autocam.de\/en\/automatische-offline-programmierung-mit-moses-robotic-ai\/behaelterbau\/\" data-type=\"URL\" data-id=\"https:\/\/autocam.de\/automatische-offline-programmierung-mit-moses-robotic-ai\/behaelterbau\">Vessel Construction<\/a><\/strong><\/p>\n<\/div><\/div>\n\n\n\n<div class=\"wp-block-media-text alignwide is-stacked-on-mobile has-background\" style=\"background-color:#f8f8f8\"><figure class=\"wp-block-media-text__media\"><img loading=\"lazy\" decoding=\"async\" width=\"1532\" height=\"1200\" src=\"https:\/\/autocam.de\/wp-content\/uploads\/2021\/09\/P9010336_stihler-2010_1600.jpg\" alt=\"\" class=\"wp-image-249 size-full\" srcset=\"https:\/\/autocam.de\/wp-content\/uploads\/2021\/09\/P9010336_stihler-2010_1600.jpg 1532w, https:\/\/autocam.de\/wp-content\/uploads\/2021\/09\/P9010336_stihler-2010_1600-300x235.jpg 300w, https:\/\/autocam.de\/wp-content\/uploads\/2021\/09\/P9010336_stihler-2010_1600-768x602.jpg 768w\" sizes=\"(max-width: 767px) 89vw, (max-width: 1000px) 54vw, (max-width: 1071px) 543px, 580px\" \/><\/figure><div class=\"wp-block-media-text__content\">\n<p class=\"has-normal-font-size\"><strong><a href=\"https:\/\/autocam.de\/en\/automatische-offline-programmierung-mit-moses-robotic-ai\/behaelterbau\/\" data-type=\"URL\" data-id=\"https:\/\/autocam.de\/automatische-offline-programmierung-mit-moses-robotic-ai\/behaelterbau\">Heads<\/a><\/strong><\/p>\n<\/div><\/div>\n\n\n\n<div class=\"wp-block-media-text alignwide is-stacked-on-mobile is-image-fill has-background\" style=\"background-color:#f8f8f8\"><figure class=\"wp-block-media-text__media\" style=\"background-image:url(https:\/\/autocam.de\/wp-content\/uploads\/2021\/09\/p.group_hochregal_himmel_ikonisch_iStock-2000.jpg);background-position:50% 50%\"><img loading=\"lazy\" decoding=\"async\" width=\"2000\" height=\"1333\" src=\"https:\/\/autocam.de\/wp-content\/uploads\/2021\/09\/p.group_hochregal_himmel_ikonisch_iStock-2000.jpg\" alt=\"\" class=\"wp-image-209 size-full\" srcset=\"https:\/\/autocam.de\/wp-content\/uploads\/2021\/09\/p.group_hochregal_himmel_ikonisch_iStock-2000.jpg 2000w, https:\/\/autocam.de\/wp-content\/uploads\/2021\/09\/p.group_hochregal_himmel_ikonisch_iStock-2000-300x200.jpg 300w, https:\/\/autocam.de\/wp-content\/uploads\/2021\/09\/p.group_hochregal_himmel_ikonisch_iStock-2000-768x512.jpg 768w, https:\/\/autocam.de\/wp-content\/uploads\/2021\/09\/p.group_hochregal_himmel_ikonisch_iStock-2000-1536x1024.jpg 1536w\" sizes=\"(max-width: 767px) 89vw, (max-width: 1000px) 54vw, (max-width: 1071px) 543px, 580px\" \/><\/figure><div class=\"wp-block-media-text__content\">\n<p class=\"has-normal-font-size\"><strong><a href=\"https:\/\/autocam.de\/en\/automatische-offline-programmierung-mit-moses-robotic-ai\/profilbearbeitung\/\" data-type=\"URL\" data-id=\"https:\/\/autocam.de\/automatische-offline-programmierung-mit-moses-robotic-ai\/profilbearbeitung\">Steel Profiles<\/a><\/strong><\/p>\n<\/div><\/div>\n\n\n\n<div class=\"wp-block-media-text alignwide is-stacked-on-mobile is-image-fill has-background\" style=\"background-color:#f8f8f8\"><figure class=\"wp-block-media-text__media\" style=\"background-image:url(https:\/\/autocam.de\/wp-content\/uploads\/2021\/09\/cruise-ship-pixabay-2000.jpg);background-position:50% 50%\"><img loading=\"lazy\" decoding=\"async\" width=\"2000\" height=\"1333\" src=\"https:\/\/autocam.de\/wp-content\/uploads\/2021\/09\/cruise-ship-pixabay-2000.jpg\" alt=\"\" class=\"wp-image-240 size-full\" srcset=\"https:\/\/autocam.de\/wp-content\/uploads\/2021\/09\/cruise-ship-pixabay-2000.jpg 2000w, https:\/\/autocam.de\/wp-content\/uploads\/2021\/09\/cruise-ship-pixabay-2000-300x200.jpg 300w, https:\/\/autocam.de\/wp-content\/uploads\/2021\/09\/cruise-ship-pixabay-2000-768x512.jpg 768w, https:\/\/autocam.de\/wp-content\/uploads\/2021\/09\/cruise-ship-pixabay-2000-1536x1024.jpg 1536w\" sizes=\"(max-width: 767px) 89vw, (max-width: 1000px) 54vw, (max-width: 1071px) 543px, 580px\" \/><\/figure><div class=\"wp-block-media-text__content\">\n<p class=\"has-normal-font-size\"><strong><a href=\"https:\/\/autocam.de\/en\/automatische-offline-programmierung-mit-moses-robotic-ai\/technologiemodule\/moses_arc\/#SHIP_ARC\" data-type=\"URL\" data-id=\"https:\/\/autocam.de\/automatische-offline-programmierung-mit-moses-robotic-ai\/technologiemodule\/moses_arc#SHIP_ARC\">Assemblies in Shipbuilding<\/a><\/strong><\/p>\n\n\n\n<p><\/p>\n<\/div><\/div>\n\n\n\n<div class=\"wp-block-media-text alignwide is-stacked-on-mobile is-image-fill has-background\" style=\"background-color:#f8f8f8\"><figure class=\"wp-block-media-text__media\" style=\"background-image:url(https:\/\/autocam.de\/wp-content\/uploads\/2021\/09\/walt-disney-center_pixabay2000-2-1921x1500.jpg);background-position:50% 50%\"><img loading=\"lazy\" decoding=\"async\" width=\"1921\" height=\"1500\" src=\"https:\/\/autocam.de\/wp-content\/uploads\/2021\/09\/walt-disney-center_pixabay2000-2-1921x1500.jpg\" alt=\"\" class=\"wp-image-254 size-full\" srcset=\"https:\/\/autocam.de\/wp-content\/uploads\/2021\/09\/walt-disney-center_pixabay2000-2-1921x1500.jpg 1921w, https:\/\/autocam.de\/wp-content\/uploads\/2021\/09\/walt-disney-center_pixabay2000-2-300x234.jpg 300w, https:\/\/autocam.de\/wp-content\/uploads\/2021\/09\/walt-disney-center_pixabay2000-2-768x600.jpg 768w, https:\/\/autocam.de\/wp-content\/uploads\/2021\/09\/walt-disney-center_pixabay2000-2-1536x1200.jpg 1536w, https:\/\/autocam.de\/wp-content\/uploads\/2021\/09\/walt-disney-center_pixabay2000-2.jpg 2000w\" sizes=\"(max-width: 767px) 89vw, (max-width: 1000px) 54vw, (max-width: 1071px) 543px, 580px\" \/><\/figure><div class=\"wp-block-media-text__content\">\n<p class=\"has-normal-font-size\"><strong>Freeform Geometries<\/strong><\/p>\n<\/div><\/div>\n\n\n\n<p><\/p>","protected":false},"excerpt":{"rendered":"<p>Schwei\u00df-Baugruppen Rohrleitungsbau Offshore Strukturen Beh\u00e4lterbau Beh\u00e4lterb\u00f6den Stahlprofile Baugruppen im Schiffsbau Freiform-Geometrien<\/p>","protected":false},"author":1,"featured_media":0,"parent":9,"menu_order":1,"comment_status":"closed","ping_status":"closed","template":"","meta":{"footnotes":""},"class_list":["post-140","page","type-page","status-publish","hentry"],"yoast_head":"<!-- This site is optimized with the Yoast SEO plugin v27.4 - https:\/\/yoast.com\/product\/yoast-seo-wordpress\/ -->\n<title>Anwendungen - MOSES Robotic AI<\/title>\n<meta name=\"robots\" content=\"noindex, follow, max-snippet:-1, max-image-preview:large, max-video-preview:-1\" \/>\n<meta property=\"og:locale\" content=\"en_US\" \/>\n<meta property=\"og:type\" content=\"article\" \/>\n<meta property=\"og:title\" content=\"Anwendungen - MOSES Robotic AI\" \/>\n<meta property=\"og:description\" content=\"Schwei\u00df-Baugruppen Rohrleitungsbau Offshore Strukturen Beh\u00e4lterbau Beh\u00e4lterb\u00f6den Stahlprofile Baugruppen im Schiffsbau Freiform-Geometrien\" \/>\n<meta property=\"og:url\" content=\"https:\/\/autocam.de\/en\/automatische-offline-programmierung-mit-moses-robotic-ai\/product-groups\" \/>\n<meta property=\"og:site_name\" content=\"MOSES Robotic AI\" \/>\n<meta property=\"article:modified_time\" content=\"2022-06-02T07:21:14+00:00\" \/>\n<meta property=\"og:image\" content=\"https:\/\/autocam.de\/wp-content\/uploads\/2021\/10\/schweissbaugruppe_ihc3.png\" \/>\n<meta name=\"twitter:card\" content=\"summary_large_image\" \/>\n<script type=\"application\/ld+json\" class=\"yoast-schema-graph\">{\"@context\":\"https:\\\/\\\/schema.org\",\"@graph\":[{\"@type\":\"WebPage\",\"@id\":\"https:\\\/\\\/autocam.de\\\/en\\\/automatische-offline-programmierung-mit-moses-robotic-ai\\\/product-groups\",\"url\":\"https:\\\/\\\/autocam.de\\\/en\\\/automatische-offline-programmierung-mit-moses-robotic-ai\\\/product-groups\",\"name\":\"Anwendungen - MOSES Robotic AI\",\"isPartOf\":{\"@id\":\"https:\\\/\\\/autocam.de\\\/#website\"},\"primaryImageOfPage\":{\"@id\":\"https:\\\/\\\/autocam.de\\\/en\\\/automatische-offline-programmierung-mit-moses-robotic-ai\\\/product-groups#primaryimage\"},\"image\":{\"@id\":\"https:\\\/\\\/autocam.de\\\/en\\\/automatische-offline-programmierung-mit-moses-robotic-ai\\\/product-groups#primaryimage\"},\"thumbnailUrl\":\"https:\\\/\\\/autocam.de\\\/wp-content\\\/uploads\\\/2021\\\/10\\\/schweissbaugruppe_ihc3.png\",\"datePublished\":\"2021-08-26T08:40:20+00:00\",\"dateModified\":\"2022-06-02T07:21:14+00:00\",\"breadcrumb\":{\"@id\":\"https:\\\/\\\/autocam.de\\\/en\\\/automatische-offline-programmierung-mit-moses-robotic-ai\\\/product-groups#breadcrumb\"},\"inLanguage\":\"en-US\",\"potentialAction\":[{\"@type\":\"ReadAction\",\"target\":[\"https:\\\/\\\/autocam.de\\\/en\\\/automatische-offline-programmierung-mit-moses-robotic-ai\\\/product-groups\"]}]},{\"@type\":\"ImageObject\",\"inLanguage\":\"en-US\",\"@id\":\"https:\\\/\\\/autocam.de\\\/en\\\/automatische-offline-programmierung-mit-moses-robotic-ai\\\/product-groups#primaryimage\",\"url\":\"https:\\\/\\\/autocam.de\\\/wp-content\\\/uploads\\\/2021\\\/10\\\/schweissbaugruppe_ihc3.png\",\"contentUrl\":\"https:\\\/\\\/autocam.de\\\/wp-content\\\/uploads\\\/2021\\\/10\\\/schweissbaugruppe_ihc3.png\"},{\"@type\":\"BreadcrumbList\",\"@id\":\"https:\\\/\\\/autocam.de\\\/en\\\/automatische-offline-programmierung-mit-moses-robotic-ai\\\/product-groups#breadcrumb\",\"itemListElement\":[{\"@type\":\"ListItem\",\"position\":1,\"name\":\"Startseite\",\"item\":\"https:\\\/\\\/autocam.de\\\/\"},{\"@type\":\"ListItem\",\"position\":2,\"name\":\"Automatische Offline Programmierung mit MOSES ROBOTICS AI\",\"item\":\"https:\\\/\\\/autocam.de\\\/\"},{\"@type\":\"ListItem\",\"position\":3,\"name\":\"Anwendungen\"}]},{\"@type\":\"WebSite\",\"@id\":\"https:\\\/\\\/autocam.de\\\/#website\",\"url\":\"https:\\\/\\\/autocam.de\\\/\",\"name\":\"MOSES Robotic AI\",\"description\":\"Fast Automatic Offline-Programming\",\"publisher\":{\"@id\":\"https:\\\/\\\/autocam.de\\\/#organization\"},\"potentialAction\":[{\"@type\":\"SearchAction\",\"target\":{\"@type\":\"EntryPoint\",\"urlTemplate\":\"https:\\\/\\\/autocam.de\\\/?s={search_term_string}\"},\"query-input\":{\"@type\":\"PropertyValueSpecification\",\"valueRequired\":true,\"valueName\":\"search_term_string\"}}],\"inLanguage\":\"en-US\"},{\"@type\":\"Organization\",\"@id\":\"https:\\\/\\\/autocam.de\\\/#organization\",\"name\":\"AUTOCAM\",\"url\":\"https:\\\/\\\/autocam.de\\\/\",\"logo\":{\"@type\":\"ImageObject\",\"inLanguage\":\"en-US\",\"@id\":\"https:\\\/\\\/autocam.de\\\/#\\\/schema\\\/logo\\\/image\\\/\",\"url\":\"https:\\\/\\\/autocam.de\\\/wp-content\\\/uploads\\\/2020\\\/09\\\/cropped-autocam_logo_transparent_ohne_schrift_hell_re_512.png\",\"contentUrl\":\"https:\\\/\\\/autocam.de\\\/wp-content\\\/uploads\\\/2020\\\/09\\\/cropped-autocam_logo_transparent_ohne_schrift_hell_re_512.png\",\"width\":250,\"height\":250,\"caption\":\"AUTOCAM\"},\"image\":{\"@id\":\"https:\\\/\\\/autocam.de\\\/#\\\/schema\\\/logo\\\/image\\\/\"}}]}<\/script>\n<!-- \/ Yoast SEO plugin. -->","yoast_head_json":{"title":"Anwendungen - MOSES Robotic AI","robots":{"index":"noindex","follow":"follow","max-snippet":"max-snippet:-1","max-image-preview":"max-image-preview:large","max-video-preview":"max-video-preview:-1"},"og_locale":"en_US","og_type":"article","og_title":"Anwendungen - MOSES Robotic AI","og_description":"Schwei\u00df-Baugruppen Rohrleitungsbau Offshore Strukturen Beh\u00e4lterbau Beh\u00e4lterb\u00f6den Stahlprofile Baugruppen im Schiffsbau Freiform-Geometrien","og_url":"https:\/\/autocam.de\/en\/automatische-offline-programmierung-mit-moses-robotic-ai\/product-groups","og_site_name":"MOSES Robotic AI","article_modified_time":"2022-06-02T07:21:14+00:00","og_image":[{"url":"https:\/\/autocam.de\/wp-content\/uploads\/2021\/10\/schweissbaugruppe_ihc3.png","type":"","width":"","height":""}],"twitter_card":"summary_large_image","schema":{"@context":"https:\/\/schema.org","@graph":[{"@type":"WebPage","@id":"https:\/\/autocam.de\/en\/automatische-offline-programmierung-mit-moses-robotic-ai\/product-groups","url":"https:\/\/autocam.de\/en\/automatische-offline-programmierung-mit-moses-robotic-ai\/product-groups","name":"Anwendungen - MOSES Robotic AI","isPartOf":{"@id":"https:\/\/autocam.de\/#website"},"primaryImageOfPage":{"@id":"https:\/\/autocam.de\/en\/automatische-offline-programmierung-mit-moses-robotic-ai\/product-groups#primaryimage"},"image":{"@id":"https:\/\/autocam.de\/en\/automatische-offline-programmierung-mit-moses-robotic-ai\/product-groups#primaryimage"},"thumbnailUrl":"https:\/\/autocam.de\/wp-content\/uploads\/2021\/10\/schweissbaugruppe_ihc3.png","datePublished":"2021-08-26T08:40:20+00:00","dateModified":"2022-06-02T07:21:14+00:00","breadcrumb":{"@id":"https:\/\/autocam.de\/en\/automatische-offline-programmierung-mit-moses-robotic-ai\/product-groups#breadcrumb"},"inLanguage":"en-US","potentialAction":[{"@type":"ReadAction","target":["https:\/\/autocam.de\/en\/automatische-offline-programmierung-mit-moses-robotic-ai\/product-groups"]}]},{"@type":"ImageObject","inLanguage":"en-US","@id":"https:\/\/autocam.de\/en\/automatische-offline-programmierung-mit-moses-robotic-ai\/product-groups#primaryimage","url":"https:\/\/autocam.de\/wp-content\/uploads\/2021\/10\/schweissbaugruppe_ihc3.png","contentUrl":"https:\/\/autocam.de\/wp-content\/uploads\/2021\/10\/schweissbaugruppe_ihc3.png"},{"@type":"BreadcrumbList","@id":"https:\/\/autocam.de\/en\/automatische-offline-programmierung-mit-moses-robotic-ai\/product-groups#breadcrumb","itemListElement":[{"@type":"ListItem","position":1,"name":"Startseite","item":"https:\/\/autocam.de\/"},{"@type":"ListItem","position":2,"name":"Automatische Offline Programmierung mit MOSES ROBOTICS AI","item":"https:\/\/autocam.de\/"},{"@type":"ListItem","position":3,"name":"Anwendungen"}]},{"@type":"WebSite","@id":"https:\/\/autocam.de\/#website","url":"https:\/\/autocam.de\/","name":"MOSES Robotic AI","description":"Fast Automatic Offline-Programming","publisher":{"@id":"https:\/\/autocam.de\/#organization"},"potentialAction":[{"@type":"SearchAction","target":{"@type":"EntryPoint","urlTemplate":"https:\/\/autocam.de\/?s={search_term_string}"},"query-input":{"@type":"PropertyValueSpecification","valueRequired":true,"valueName":"search_term_string"}}],"inLanguage":"en-US"},{"@type":"Organization","@id":"https:\/\/autocam.de\/#organization","name":"AUTOCAM","url":"https:\/\/autocam.de\/","logo":{"@type":"ImageObject","inLanguage":"en-US","@id":"https:\/\/autocam.de\/#\/schema\/logo\/image\/","url":"https:\/\/autocam.de\/wp-content\/uploads\/2020\/09\/cropped-autocam_logo_transparent_ohne_schrift_hell_re_512.png","contentUrl":"https:\/\/autocam.de\/wp-content\/uploads\/2020\/09\/cropped-autocam_logo_transparent_ohne_schrift_hell_re_512.png","width":250,"height":250,"caption":"AUTOCAM"},"image":{"@id":"https:\/\/autocam.de\/#\/schema\/logo\/image\/"}}]}},"_links":{"self":[{"href":"https:\/\/autocam.de\/en\/wp-json\/wp\/v2\/pages\/140","targetHints":{"allow":["GET"]}}],"collection":[{"href":"https:\/\/autocam.de\/en\/wp-json\/wp\/v2\/pages"}],"about":[{"href":"https:\/\/autocam.de\/en\/wp-json\/wp\/v2\/types\/page"}],"author":[{"embeddable":true,"href":"https:\/\/autocam.de\/en\/wp-json\/wp\/v2\/users\/1"}],"replies":[{"embeddable":true,"href":"https:\/\/autocam.de\/en\/wp-json\/wp\/v2\/comments?post=140"}],"version-history":[{"count":47,"href":"https:\/\/autocam.de\/en\/wp-json\/wp\/v2\/pages\/140\/revisions"}],"predecessor-version":[{"id":1280,"href":"https:\/\/autocam.de\/en\/wp-json\/wp\/v2\/pages\/140\/revisions\/1280"}],"up":[{"embeddable":true,"href":"https:\/\/autocam.de\/en\/wp-json\/wp\/v2\/pages\/9"}],"wp:attachment":[{"href":"https:\/\/autocam.de\/en\/wp-json\/wp\/v2\/media?parent=140"}],"curies":[{"name":"wp","href":"https:\/\/api.w.org\/{rel}","templated":true}]}}