{"id":514,"date":"2022-02-01T10:12:36","date_gmt":"2022-02-01T10:12:36","guid":{"rendered":"https:\/\/mosesroboticaiautoma.live-website.com\/?page_id=514"},"modified":"2022-05-31T08:17:36","modified_gmt":"2022-05-31T08:17:36","slug":"moses-pipe-arc","status":"publish","type":"page","link":"https:\/\/autocam.de\/en\/automatische-offline-programmierung-mit-moses-robotic-ai\/moses-pipe-arc","title":{"rendered":"MOSES Pipe ARC"},"content":{"rendered":"<p class=\"translation-block\">This module is the ideal tool if you want to  create robot programs for welding in nozzles in pipes or vessels quickly and easily offline. If you have already created the cutting programs with our <em><a href=\"https:\/\/mosesroboticaiautoma.live-website.com\/automatische-offline-programmierung-mit-moses-robotic-ai\/moses-pipe\" data-type=\"page\" data-id=\"347\" target=\"_self\">Modul MOSES Pipe CUT<\/a> <\/em> module in the first work step, of course this information can be used to define the welding task and only a few parameters need to be added. Of course, you can also use MOSES Pipe ARC if the holes have not been cut with our software.<\/p>\n\n\n\n<figure class=\"wp-block-image size-large is-style-default\"><img fetchpriority=\"high\" decoding=\"async\" width=\"2200\" height=\"1205\" src=\"https:\/\/autocam.de\/wp-content\/uploads\/2022\/05\/Zelle_amerifab-2200x1205.jpg\" alt=\"\" class=\"wp-image-856\" srcset=\"https:\/\/autocam.de\/wp-content\/uploads\/2022\/05\/Zelle_amerifab-2200x1205.jpg 2200w, https:\/\/autocam.de\/wp-content\/uploads\/2022\/05\/Zelle_amerifab-300x164.jpg 300w, https:\/\/autocam.de\/wp-content\/uploads\/2022\/05\/Zelle_amerifab-768x421.jpg 768w, https:\/\/autocam.de\/wp-content\/uploads\/2022\/05\/Zelle_amerifab-1536x841.jpg 1536w, https:\/\/autocam.de\/wp-content\/uploads\/2022\/05\/Zelle_amerifab-2048x1121.jpg 2048w, https:\/\/autocam.de\/wp-content\/uploads\/2022\/05\/Zelle_amerifab-18x10.jpg 18w\" sizes=\"(max-width: 767px) 89vw, (max-width: 1000px) 54vw, (max-width: 1071px) 543px, 580px\" \/><\/figure>\n\n\n\n<div class=\"wp-block-media-text alignwide is-stacked-on-mobile\"><figure class=\"wp-block-media-text__media\"><img decoding=\"async\" width=\"1343\" height=\"905\" src=\"https:\/\/autocam.de\/wp-content\/uploads\/2022\/02\/weldpattterndesigner.jpg\" alt=\"\" class=\"wp-image-541 size-full\" srcset=\"https:\/\/autocam.de\/wp-content\/uploads\/2022\/02\/weldpattterndesigner.jpg 1343w, https:\/\/autocam.de\/wp-content\/uploads\/2022\/02\/weldpattterndesigner-300x202.jpg 300w, https:\/\/autocam.de\/wp-content\/uploads\/2022\/02\/weldpattterndesigner-768x518.jpg 768w, https:\/\/autocam.de\/wp-content\/uploads\/2022\/02\/weldpattterndesigner-18x12.jpg 18w\" sizes=\"(max-width: 767px) 89vw, (max-width: 1000px) 54vw, (max-width: 1071px) 543px, 580px\" \/><\/figure><div class=\"wp-block-media-text__content\">\n<p class=\"has-medium-font-size\"><\/p>\n\n\n\n<p>For a good welding result, the weld layer pattern plays a central role. For a user-friendly definition of these weld templates, we have implemented a weld pattern designer. This tool generates patterns for HV welds and fillet welds. All relevant informations are stored and can be assigned to the nozzle by selecting the welding pattern. <\/p>\n<\/div><\/div>\n\n\n<p>Of course, the welding pattern includes intelligent management of determined offset data, which can be recorded by an arc sensor. These values can be imported for subsequent layers where the use of the sensor is not stable due to geometric boundary conditions.<\/p>\n\n\n<figure class=\"wp-block-gallery has-nested-images columns-default is-cropped wp-block-gallery-2 is-layout-flex wp-block-gallery-is-layout-flex\">\n<figure class=\"wp-block-image size-large\"><img decoding=\"async\" width=\"1272\" height=\"707\" data-id=\"565\" src=\"https:\/\/autocam.de\/wp-content\/uploads\/2022\/02\/1351157b-c422-4e2c-add6-6d1ea5a91259.jpg\" alt=\"\" class=\"wp-image-565\" srcset=\"https:\/\/autocam.de\/wp-content\/uploads\/2022\/02\/1351157b-c422-4e2c-add6-6d1ea5a91259.jpg 1272w, https:\/\/autocam.de\/wp-content\/uploads\/2022\/02\/1351157b-c422-4e2c-add6-6d1ea5a91259-300x167.jpg 300w, https:\/\/autocam.de\/wp-content\/uploads\/2022\/02\/1351157b-c422-4e2c-add6-6d1ea5a91259-768x427.jpg 768w, https:\/\/autocam.de\/wp-content\/uploads\/2022\/02\/1351157b-c422-4e2c-add6-6d1ea5a91259-18x10.jpg 18w\" sizes=\"(max-width: 767px) 89vw, (max-width: 1000px) 54vw, (max-width: 1071px) 543px, 580px\" \/><\/figure>\n\n\n\n<figure class=\"wp-block-image size-large\"><img loading=\"lazy\" decoding=\"async\" width=\"924\" height=\"784\" data-id=\"571\" src=\"https:\/\/autocam.de\/wp-content\/uploads\/2022\/02\/IMG_4962.jpg\" alt=\"\" class=\"wp-image-571\" srcset=\"https:\/\/autocam.de\/wp-content\/uploads\/2022\/02\/IMG_4962.jpg 924w, https:\/\/autocam.de\/wp-content\/uploads\/2022\/02\/IMG_4962-300x255.jpg 300w, https:\/\/autocam.de\/wp-content\/uploads\/2022\/02\/IMG_4962-768x652.jpg 768w, https:\/\/autocam.de\/wp-content\/uploads\/2022\/02\/IMG_4962-14x12.jpg 14w\" sizes=\"(max-width: 767px) 89vw, (max-width: 1000px) 54vw, (max-width: 1071px) 543px, 580px\" \/><\/figure>\n\n\n\n<figure class=\"wp-block-image size-large\"><img loading=\"lazy\" decoding=\"async\" width=\"564\" height=\"369\" data-id=\"572\" src=\"https:\/\/autocam.de\/wp-content\/uploads\/2022\/02\/IMG_5208.jpg\" alt=\"\" class=\"wp-image-572\" srcset=\"https:\/\/autocam.de\/wp-content\/uploads\/2022\/02\/IMG_5208.jpg 564w, https:\/\/autocam.de\/wp-content\/uploads\/2022\/02\/IMG_5208-300x196.jpg 300w, https:\/\/autocam.de\/wp-content\/uploads\/2022\/02\/IMG_5208-18x12.jpg 18w\" sizes=\"(max-width: 564px) 100vw, 564px\" \/><\/figure>\n\n\n\n<figure class=\"wp-block-image size-large\"><img loading=\"lazy\" decoding=\"async\" width=\"1049\" height=\"744\" data-id=\"564\" src=\"https:\/\/autocam.de\/wp-content\/uploads\/2022\/02\/17baaecc-7f70-4c58-b516-9f3a8f00d47d-1.jpg\" alt=\"\" class=\"wp-image-564\" srcset=\"https:\/\/autocam.de\/wp-content\/uploads\/2022\/02\/17baaecc-7f70-4c58-b516-9f3a8f00d47d-1.jpg 1049w, https:\/\/autocam.de\/wp-content\/uploads\/2022\/02\/17baaecc-7f70-4c58-b516-9f3a8f00d47d-1-300x213.jpg 300w, https:\/\/autocam.de\/wp-content\/uploads\/2022\/02\/17baaecc-7f70-4c58-b516-9f3a8f00d47d-1-768x545.jpg 768w, https:\/\/autocam.de\/wp-content\/uploads\/2022\/02\/17baaecc-7f70-4c58-b516-9f3a8f00d47d-1-18x12.jpg 18w\" sizes=\"(max-width: 767px) 89vw, (max-width: 1000px) 54vw, (max-width: 1071px) 543px, 580px\" \/><\/figure>\n<\/figure>\n\n\n\n<p>For a collision-free simulation of the welding program, it is important that the data of the flange are known when creating the program. <\/p>\n\n\n\n<div class=\"wp-block-media-text alignwide is-stacked-on-mobile\"><figure class=\"wp-block-media-text__media\"><img loading=\"lazy\" decoding=\"async\" width=\"1061\" height=\"814\" src=\"https:\/\/autocam.de\/wp-content\/uploads\/2022\/02\/flange-1.jpg\" alt=\"\" class=\"wp-image-567 size-full\" srcset=\"https:\/\/autocam.de\/wp-content\/uploads\/2022\/02\/flange-1.jpg 1061w, https:\/\/autocam.de\/wp-content\/uploads\/2022\/02\/flange-1-300x230.jpg 300w, https:\/\/autocam.de\/wp-content\/uploads\/2022\/02\/flange-1-768x589.jpg 768w, https:\/\/autocam.de\/wp-content\/uploads\/2022\/02\/flange-1-16x12.jpg 16w\" sizes=\"(max-width: 767px) 89vw, (max-width: 1000px) 54vw, (max-width: 1071px) 543px, 580px\" \/><\/figure><div class=\"wp-block-media-text__content\">\n<p class=\"has-medium-font-size\"><\/p>\n\n\n\n<p>For this purpose, the operator has access to a database containing all common flanges. These are inserted into the CAD model. This ensures that the automatically generated approach movements are collision-free.<\/p>\n\n\n\n<p><\/p>\n<\/div><\/div>\n\n\n<div class=\"wp-block-image\">\n<figure class=\"alignleft size-full\" id=\"WELD_HEAD\"><img loading=\"lazy\" decoding=\"async\" width=\"854\" height=\"1034\" src=\"https:\/\/autocam.de\/wp-content\/uploads\/2022\/02\/IMG_5301.jpg\" alt=\"\" class=\"wp-image-580\" srcset=\"https:\/\/autocam.de\/wp-content\/uploads\/2022\/02\/IMG_5301.jpg 854w, https:\/\/autocam.de\/wp-content\/uploads\/2022\/02\/IMG_5301-248x300.jpg 248w, https:\/\/autocam.de\/wp-content\/uploads\/2022\/02\/IMG_5301-768x930.jpg 768w, https:\/\/autocam.de\/wp-content\/uploads\/2022\/02\/IMG_5301-10x12.jpg 10w\" sizes=\"(max-width: 767px) 89vw, (max-width: 1000px) 54vw, (max-width: 1071px) 543px, 580px\" \/><\/figure>\n<\/div>\n\n\n<p>With MOSES Pipe ARC, heads can also be welded to the shell. Here, the weld pattern additionally includes the welding position of each individual layer when using a synchronous rotary positioner.<\/p>","protected":false},"excerpt":{"rendered":"<p>Dieses Modul ist das ideale Werkzeug, wenn Sie schnell und einfach Roboterprogramme f\u00fcr das Einschwei\u00dfen von Stutzen in Beh\u00e4ltern offline erstellen m\u00f6chten. Haben Sie im ersten Arbeitsschritt die Schneidprogramme bereits &hellip; <\/p>\n<p class=\"link-more\"><a href=\"https:\/\/autocam.de\/en\/automatische-offline-programmierung-mit-moses-robotic-ai\/moses-pipe-arc\" class=\"more-link\">Continue reading<span class=\"screen-reader-text\"> &#8222;MOSES Pipe ARC&#8220;<\/span><\/a><\/p>","protected":false},"author":2,"featured_media":520,"parent":9,"menu_order":0,"comment_status":"closed","ping_status":"closed","template":"","meta":{"footnotes":""},"class_list":["post-514","page","type-page","status-publish","has-post-thumbnail","hentry"],"yoast_head":"<!-- This site is optimized with the Yoast SEO plugin v27.4 - https:\/\/yoast.com\/product\/yoast-seo-wordpress\/ -->\n<title>MOSES Pipe ARC - MOSES Robotic AI<\/title>\n<meta name=\"robots\" content=\"noindex, follow, max-snippet:-1, max-image-preview:large, max-video-preview:-1\" \/>\n<meta property=\"og:locale\" content=\"en_US\" \/>\n<meta property=\"og:type\" content=\"article\" \/>\n<meta property=\"og:title\" content=\"MOSES Pipe ARC - MOSES Robotic AI\" \/>\n<meta property=\"og:description\" content=\"Dieses Modul ist das ideale Werkzeug, wenn Sie schnell und einfach Roboterprogramme f\u00fcr das Einschwei\u00dfen von Stutzen in Beh\u00e4ltern offline erstellen m\u00f6chten. Haben Sie im ersten Arbeitsschritt die Schneidprogramme bereits &hellip; Continue reading &quot;MOSES Pipe ARC&quot;\" \/>\n<meta property=\"og:url\" content=\"https:\/\/autocam.de\/en\/automatische-offline-programmierung-mit-moses-robotic-ai\/moses-pipe-arc\/\" \/>\n<meta property=\"og:site_name\" content=\"MOSES Robotic AI\" \/>\n<meta property=\"article:modified_time\" content=\"2022-05-31T08:17:36+00:00\" \/>\n<meta property=\"og:image\" content=\"https:\/\/autocam.de\/wp-content\/uploads\/2022\/02\/grosser_stutzen_weld-e1651667996910.jpg\" \/>\n\t<meta property=\"og:image:width\" content=\"1200\" \/>\n\t<meta property=\"og:image:height\" content=\"800\" \/>\n\t<meta property=\"og:image:type\" content=\"image\/jpeg\" \/>\n<meta name=\"twitter:card\" content=\"summary_large_image\" \/>\n<meta name=\"twitter:label1\" content=\"Est. reading time\" \/>\n\t<meta name=\"twitter:data1\" content=\"1 minute\" \/>\n<script type=\"application\/ld+json\" class=\"yoast-schema-graph\">{\"@context\":\"https:\\\/\\\/schema.org\",\"@graph\":[{\"@type\":\"WebPage\",\"@id\":\"https:\\\/\\\/autocam.de\\\/automatische-offline-programmierung-mit-moses-robotic-ai\\\/moses-pipe-arc\",\"url\":\"https:\\\/\\\/autocam.de\\\/automatische-offline-programmierung-mit-moses-robotic-ai\\\/moses-pipe-arc\",\"name\":\"MOSES Pipe ARC - MOSES Robotic AI\",\"isPartOf\":{\"@id\":\"https:\\\/\\\/autocam.de\\\/#website\"},\"primaryImageOfPage\":{\"@id\":\"https:\\\/\\\/autocam.de\\\/automatische-offline-programmierung-mit-moses-robotic-ai\\\/moses-pipe-arc#primaryimage\"},\"image\":{\"@id\":\"https:\\\/\\\/autocam.de\\\/automatische-offline-programmierung-mit-moses-robotic-ai\\\/moses-pipe-arc#primaryimage\"},\"thumbnailUrl\":\"https:\\\/\\\/autocam.de\\\/wp-content\\\/uploads\\\/2022\\\/02\\\/grosser_stutzen_weld-e1651667996910.jpg\",\"datePublished\":\"2022-02-01T10:12:36+00:00\",\"dateModified\":\"2022-05-31T08:17:36+00:00\",\"breadcrumb\":{\"@id\":\"https:\\\/\\\/autocam.de\\\/automatische-offline-programmierung-mit-moses-robotic-ai\\\/moses-pipe-arc#breadcrumb\"},\"inLanguage\":\"en-US\",\"potentialAction\":[{\"@type\":\"ReadAction\",\"target\":[\"https:\\\/\\\/autocam.de\\\/automatische-offline-programmierung-mit-moses-robotic-ai\\\/moses-pipe-arc\"]}]},{\"@type\":\"ImageObject\",\"inLanguage\":\"en-US\",\"@id\":\"https:\\\/\\\/autocam.de\\\/automatische-offline-programmierung-mit-moses-robotic-ai\\\/moses-pipe-arc#primaryimage\",\"url\":\"https:\\\/\\\/autocam.de\\\/wp-content\\\/uploads\\\/2022\\\/02\\\/grosser_stutzen_weld-e1651667996910.jpg\",\"contentUrl\":\"https:\\\/\\\/autocam.de\\\/wp-content\\\/uploads\\\/2022\\\/02\\\/grosser_stutzen_weld-e1651667996910.jpg\",\"width\":1200,\"height\":800},{\"@type\":\"BreadcrumbList\",\"@id\":\"https:\\\/\\\/autocam.de\\\/automatische-offline-programmierung-mit-moses-robotic-ai\\\/moses-pipe-arc#breadcrumb\",\"itemListElement\":[{\"@type\":\"ListItem\",\"position\":1,\"name\":\"Startseite\",\"item\":\"https:\\\/\\\/autocam.de\\\/\"},{\"@type\":\"ListItem\",\"position\":2,\"name\":\"Automatische Offline Programmierung mit MOSES ROBOTICS AI\",\"item\":\"https:\\\/\\\/autocam.de\\\/\"},{\"@type\":\"ListItem\",\"position\":3,\"name\":\"MOSES Pipe ARC\"}]},{\"@type\":\"WebSite\",\"@id\":\"https:\\\/\\\/autocam.de\\\/#website\",\"url\":\"https:\\\/\\\/autocam.de\\\/\",\"name\":\"MOSES Robotic AI\",\"description\":\"Fast Automatic Offline-Programming\",\"publisher\":{\"@id\":\"https:\\\/\\\/autocam.de\\\/#organization\"},\"potentialAction\":[{\"@type\":\"SearchAction\",\"target\":{\"@type\":\"EntryPoint\",\"urlTemplate\":\"https:\\\/\\\/autocam.de\\\/?s={search_term_string}\"},\"query-input\":{\"@type\":\"PropertyValueSpecification\",\"valueRequired\":true,\"valueName\":\"search_term_string\"}}],\"inLanguage\":\"en-US\"},{\"@type\":\"Organization\",\"@id\":\"https:\\\/\\\/autocam.de\\\/#organization\",\"name\":\"AUTOCAM\",\"url\":\"https:\\\/\\\/autocam.de\\\/\",\"logo\":{\"@type\":\"ImageObject\",\"inLanguage\":\"en-US\",\"@id\":\"https:\\\/\\\/autocam.de\\\/#\\\/schema\\\/logo\\\/image\\\/\",\"url\":\"https:\\\/\\\/autocam.de\\\/wp-content\\\/uploads\\\/2020\\\/09\\\/cropped-autocam_logo_transparent_ohne_schrift_hell_re_512.png\",\"contentUrl\":\"https:\\\/\\\/autocam.de\\\/wp-content\\\/uploads\\\/2020\\\/09\\\/cropped-autocam_logo_transparent_ohne_schrift_hell_re_512.png\",\"width\":250,\"height\":250,\"caption\":\"AUTOCAM\"},\"image\":{\"@id\":\"https:\\\/\\\/autocam.de\\\/#\\\/schema\\\/logo\\\/image\\\/\"}}]}<\/script>\n<!-- \/ Yoast SEO plugin. -->","yoast_head_json":{"title":"MOSES Pipe ARC - MOSES Robotic AI","robots":{"index":"noindex","follow":"follow","max-snippet":"max-snippet:-1","max-image-preview":"max-image-preview:large","max-video-preview":"max-video-preview:-1"},"og_locale":"en_US","og_type":"article","og_title":"MOSES Pipe ARC - MOSES Robotic AI","og_description":"Dieses Modul ist das ideale Werkzeug, wenn Sie schnell und einfach Roboterprogramme f\u00fcr das Einschwei\u00dfen von Stutzen in Beh\u00e4ltern offline erstellen m\u00f6chten. Haben Sie im ersten Arbeitsschritt die Schneidprogramme bereits &hellip; Continue reading \"MOSES Pipe ARC\"","og_url":"https:\/\/autocam.de\/en\/automatische-offline-programmierung-mit-moses-robotic-ai\/moses-pipe-arc\/","og_site_name":"MOSES Robotic AI","article_modified_time":"2022-05-31T08:17:36+00:00","og_image":[{"width":1200,"height":800,"url":"https:\/\/autocam.de\/wp-content\/uploads\/2022\/02\/grosser_stutzen_weld-e1651667996910.jpg","type":"image\/jpeg"}],"twitter_card":"summary_large_image","twitter_misc":{"Est. reading time":"1 minute"},"schema":{"@context":"https:\/\/schema.org","@graph":[{"@type":"WebPage","@id":"https:\/\/autocam.de\/automatische-offline-programmierung-mit-moses-robotic-ai\/moses-pipe-arc","url":"https:\/\/autocam.de\/automatische-offline-programmierung-mit-moses-robotic-ai\/moses-pipe-arc","name":"MOSES Pipe ARC - MOSES Robotic AI","isPartOf":{"@id":"https:\/\/autocam.de\/#website"},"primaryImageOfPage":{"@id":"https:\/\/autocam.de\/automatische-offline-programmierung-mit-moses-robotic-ai\/moses-pipe-arc#primaryimage"},"image":{"@id":"https:\/\/autocam.de\/automatische-offline-programmierung-mit-moses-robotic-ai\/moses-pipe-arc#primaryimage"},"thumbnailUrl":"https:\/\/autocam.de\/wp-content\/uploads\/2022\/02\/grosser_stutzen_weld-e1651667996910.jpg","datePublished":"2022-02-01T10:12:36+00:00","dateModified":"2022-05-31T08:17:36+00:00","breadcrumb":{"@id":"https:\/\/autocam.de\/automatische-offline-programmierung-mit-moses-robotic-ai\/moses-pipe-arc#breadcrumb"},"inLanguage":"en-US","potentialAction":[{"@type":"ReadAction","target":["https:\/\/autocam.de\/automatische-offline-programmierung-mit-moses-robotic-ai\/moses-pipe-arc"]}]},{"@type":"ImageObject","inLanguage":"en-US","@id":"https:\/\/autocam.de\/automatische-offline-programmierung-mit-moses-robotic-ai\/moses-pipe-arc#primaryimage","url":"https:\/\/autocam.de\/wp-content\/uploads\/2022\/02\/grosser_stutzen_weld-e1651667996910.jpg","contentUrl":"https:\/\/autocam.de\/wp-content\/uploads\/2022\/02\/grosser_stutzen_weld-e1651667996910.jpg","width":1200,"height":800},{"@type":"BreadcrumbList","@id":"https:\/\/autocam.de\/automatische-offline-programmierung-mit-moses-robotic-ai\/moses-pipe-arc#breadcrumb","itemListElement":[{"@type":"ListItem","position":1,"name":"Startseite","item":"https:\/\/autocam.de\/"},{"@type":"ListItem","position":2,"name":"Automatische Offline Programmierung mit MOSES ROBOTICS AI","item":"https:\/\/autocam.de\/"},{"@type":"ListItem","position":3,"name":"MOSES Pipe ARC"}]},{"@type":"WebSite","@id":"https:\/\/autocam.de\/#website","url":"https:\/\/autocam.de\/","name":"MOSES Robotic AI","description":"Fast Automatic Offline-Programming","publisher":{"@id":"https:\/\/autocam.de\/#organization"},"potentialAction":[{"@type":"SearchAction","target":{"@type":"EntryPoint","urlTemplate":"https:\/\/autocam.de\/?s={search_term_string}"},"query-input":{"@type":"PropertyValueSpecification","valueRequired":true,"valueName":"search_term_string"}}],"inLanguage":"en-US"},{"@type":"Organization","@id":"https:\/\/autocam.de\/#organization","name":"AUTOCAM","url":"https:\/\/autocam.de\/","logo":{"@type":"ImageObject","inLanguage":"en-US","@id":"https:\/\/autocam.de\/#\/schema\/logo\/image\/","url":"https:\/\/autocam.de\/wp-content\/uploads\/2020\/09\/cropped-autocam_logo_transparent_ohne_schrift_hell_re_512.png","contentUrl":"https:\/\/autocam.de\/wp-content\/uploads\/2020\/09\/cropped-autocam_logo_transparent_ohne_schrift_hell_re_512.png","width":250,"height":250,"caption":"AUTOCAM"},"image":{"@id":"https:\/\/autocam.de\/#\/schema\/logo\/image\/"}}]}},"_links":{"self":[{"href":"https:\/\/autocam.de\/en\/wp-json\/wp\/v2\/pages\/514","targetHints":{"allow":["GET"]}}],"collection":[{"href":"https:\/\/autocam.de\/en\/wp-json\/wp\/v2\/pages"}],"about":[{"href":"https:\/\/autocam.de\/en\/wp-json\/wp\/v2\/types\/page"}],"author":[{"embeddable":true,"href":"https:\/\/autocam.de\/en\/wp-json\/wp\/v2\/users\/2"}],"replies":[{"embeddable":true,"href":"https:\/\/autocam.de\/en\/wp-json\/wp\/v2\/comments?post=514"}],"version-history":[{"count":18,"href":"https:\/\/autocam.de\/en\/wp-json\/wp\/v2\/pages\/514\/revisions"}],"predecessor-version":[{"id":1257,"href":"https:\/\/autocam.de\/en\/wp-json\/wp\/v2\/pages\/514\/revisions\/1257"}],"up":[{"embeddable":true,"href":"https:\/\/autocam.de\/en\/wp-json\/wp\/v2\/pages\/9"}],"wp:featuredmedia":[{"embeddable":true,"href":"https:\/\/autocam.de\/en\/wp-json\/wp\/v2\/media\/520"}],"wp:attachment":[{"href":"https:\/\/autocam.de\/en\/wp-json\/wp\/v2\/media?parent=514"}],"curies":[{"name":"wp","href":"https:\/\/api.w.org\/{rel}","templated":true}]}}