{"id":538,"date":"2022-02-01T11:38:17","date_gmt":"2022-02-01T11:38:17","guid":{"rendered":"https:\/\/mosesroboticaiautoma.live-website.com\/?page_id=538"},"modified":"2022-05-31T13:10:24","modified_gmt":"2022-05-31T13:10:24","slug":"moses-head-arc","status":"publish","type":"page","link":"https:\/\/autocam.de\/en\/automatische-offline-programmierung-mit-moses-robotic-ai\/moses-head-arc","title":{"rendered":"MOSES Head ARC"},"content":{"rendered":"<p class=\"translation-block\">This module is the ideal tool if you want to create robot programs for welding nozzles into heads offline quickly and easily. If you have already created the cutting programs with our MOSES Head CUT module in the first work step, this information can of course be used to define the welding task and only a few parameters need to be added. Of course, you can also use MOSES Head ARC if the holes have not been cut with our software.<\/p>\n\n\n\n<figure class=\"wp-block-image size-large is-style-default\"><img fetchpriority=\"high\" decoding=\"async\" width=\"2200\" height=\"1202\" src=\"https:\/\/autocam.de\/wp-content\/uploads\/2022\/05\/moses_Petro-2200x1202.jpg\" alt=\"\" class=\"wp-image-861\" srcset=\"https:\/\/autocam.de\/wp-content\/uploads\/2022\/05\/moses_Petro-2200x1202.jpg 2200w, https:\/\/autocam.de\/wp-content\/uploads\/2022\/05\/moses_Petro-300x164.jpg 300w, https:\/\/autocam.de\/wp-content\/uploads\/2022\/05\/moses_Petro-768x420.jpg 768w, https:\/\/autocam.de\/wp-content\/uploads\/2022\/05\/moses_Petro-1536x839.jpg 1536w, https:\/\/autocam.de\/wp-content\/uploads\/2022\/05\/moses_Petro-2048x1119.jpg 2048w, https:\/\/autocam.de\/wp-content\/uploads\/2022\/05\/moses_Petro-18x10.jpg 18w\" sizes=\"(max-width: 767px) 89vw, (max-width: 1000px) 54vw, (max-width: 1071px) 543px, 580px\" \/><\/figure>\n\n\n\n<p>If external axes are used for manipulating the workpiece, the axis values are automatically calculated by MOSES for an optimal welding result.<\/p>\n\n\n\n<div class=\"wp-block-media-text alignwide is-stacked-on-mobile\"><figure class=\"wp-block-media-text__media\"><img decoding=\"async\" width=\"1869\" height=\"1325\" src=\"https:\/\/autocam.de\/wp-content\/uploads\/2022\/05\/pattern-1.jpg\" alt=\"\" class=\"wp-image-868 size-full\" srcset=\"https:\/\/autocam.de\/wp-content\/uploads\/2022\/05\/pattern-1.jpg 1869w, https:\/\/autocam.de\/wp-content\/uploads\/2022\/05\/pattern-1-300x213.jpg 300w, https:\/\/autocam.de\/wp-content\/uploads\/2022\/05\/pattern-1-768x544.jpg 768w, https:\/\/autocam.de\/wp-content\/uploads\/2022\/05\/pattern-1-1536x1089.jpg 1536w, https:\/\/autocam.de\/wp-content\/uploads\/2022\/05\/pattern-1-18x12.jpg 18w\" sizes=\"(max-width: 767px) 89vw, (max-width: 1000px) 54vw, (max-width: 1071px) 543px, 580px\" \/><\/figure><div class=\"wp-block-media-text__content\">\n<p style=\"font-size:15px\">For a good welding result, the weld layer pattern plays a central role. For a user-friendly definition of these weld templates, we have implemented a weld pattern designer. This tool generates patterns for HV welds and fillet welds. All relevant informations are stored and can be assigned to the nozzle by selecting the welding pattern.<\/p>\n<\/div><\/div>\n\n\n\n<p>Of course, the welding pattern includes intelligent management of determined offset data, which can be recorded by an arc sensor. These values can be imported for subsequent layers where the use of the sensor is not stable due to geometric boundary conditions.<\/p>\n\n\n\n<figure class=\"wp-block-gallery has-nested-images columns-default is-cropped wp-block-gallery-2 is-layout-flex wp-block-gallery-is-layout-flex\">\n<figure class=\"wp-block-image size-large is-style-default\"><img decoding=\"async\" width=\"848\" height=\"1600\" data-id=\"836\" src=\"https:\/\/autocam.de\/wp-content\/uploads\/2022\/05\/WhatsApp-Image-2021-05-01-at-14.00.33.jpeg\" alt=\"\" class=\"wp-image-836\" srcset=\"https:\/\/autocam.de\/wp-content\/uploads\/2022\/05\/WhatsApp-Image-2021-05-01-at-14.00.33.jpeg 848w, https:\/\/autocam.de\/wp-content\/uploads\/2022\/05\/WhatsApp-Image-2021-05-01-at-14.00.33-159x300.jpeg 159w, https:\/\/autocam.de\/wp-content\/uploads\/2022\/05\/WhatsApp-Image-2021-05-01-at-14.00.33-795x1500.jpeg 795w, https:\/\/autocam.de\/wp-content\/uploads\/2022\/05\/WhatsApp-Image-2021-05-01-at-14.00.33-768x1449.jpeg 768w, https:\/\/autocam.de\/wp-content\/uploads\/2022\/05\/WhatsApp-Image-2021-05-01-at-14.00.33-814x1536.jpeg 814w, https:\/\/autocam.de\/wp-content\/uploads\/2022\/05\/WhatsApp-Image-2021-05-01-at-14.00.33-6x12.jpeg 6w\" sizes=\"(max-width: 767px) 89vw, (max-width: 1000px) 54vw, (max-width: 1071px) 543px, 580px\" \/><\/figure>\n\n\n\n<figure class=\"wp-block-image size-large is-style-default\"><img loading=\"lazy\" decoding=\"async\" width=\"1536\" height=\"2048\" data-id=\"837\" src=\"https:\/\/autocam.de\/wp-content\/uploads\/2022\/05\/WhatsApp-Image-2021-05-27-at-17.08.33-1.jpeg\" alt=\"\" class=\"wp-image-837\" srcset=\"https:\/\/autocam.de\/wp-content\/uploads\/2022\/05\/WhatsApp-Image-2021-05-27-at-17.08.33-1.jpeg 1536w, https:\/\/autocam.de\/wp-content\/uploads\/2022\/05\/WhatsApp-Image-2021-05-27-at-17.08.33-1-225x300.jpeg 225w, https:\/\/autocam.de\/wp-content\/uploads\/2022\/05\/WhatsApp-Image-2021-05-27-at-17.08.33-1-1125x1500.jpeg 1125w, https:\/\/autocam.de\/wp-content\/uploads\/2022\/05\/WhatsApp-Image-2021-05-27-at-17.08.33-1-768x1024.jpeg 768w, https:\/\/autocam.de\/wp-content\/uploads\/2022\/05\/WhatsApp-Image-2021-05-27-at-17.08.33-1-1152x1536.jpeg 1152w, https:\/\/autocam.de\/wp-content\/uploads\/2022\/05\/WhatsApp-Image-2021-05-27-at-17.08.33-1-9x12.jpeg 9w\" sizes=\"(max-width: 767px) 89vw, (max-width: 1000px) 54vw, (max-width: 1071px) 543px, 580px\" \/><\/figure>\n\n\n\n<figure class=\"wp-block-image size-large is-style-default\"><img loading=\"lazy\" decoding=\"async\" width=\"1536\" height=\"2048\" data-id=\"838\" src=\"https:\/\/autocam.de\/wp-content\/uploads\/2022\/05\/WhatsApp-Image-2021-06-03-at-18.24.10.jpeg\" alt=\"\" class=\"wp-image-838\" srcset=\"https:\/\/autocam.de\/wp-content\/uploads\/2022\/05\/WhatsApp-Image-2021-06-03-at-18.24.10.jpeg 1536w, https:\/\/autocam.de\/wp-content\/uploads\/2022\/05\/WhatsApp-Image-2021-06-03-at-18.24.10-225x300.jpeg 225w, https:\/\/autocam.de\/wp-content\/uploads\/2022\/05\/WhatsApp-Image-2021-06-03-at-18.24.10-1125x1500.jpeg 1125w, https:\/\/autocam.de\/wp-content\/uploads\/2022\/05\/WhatsApp-Image-2021-06-03-at-18.24.10-768x1024.jpeg 768w, https:\/\/autocam.de\/wp-content\/uploads\/2022\/05\/WhatsApp-Image-2021-06-03-at-18.24.10-1152x1536.jpeg 1152w, https:\/\/autocam.de\/wp-content\/uploads\/2022\/05\/WhatsApp-Image-2021-06-03-at-18.24.10-9x12.jpeg 9w\" sizes=\"(max-width: 767px) 89vw, (max-width: 1000px) 54vw, (max-width: 1071px) 543px, 580px\" \/><\/figure>\n\n\n\n<figure class=\"wp-block-image size-large is-style-default\"><img loading=\"lazy\" decoding=\"async\" width=\"2048\" height=\"1536\" data-id=\"817\" src=\"https:\/\/autocam.de\/wp-content\/uploads\/2022\/05\/916fa26b-f6c5-4caa-a877-ba97f500b660.jpg\" alt=\"\" class=\"wp-image-817\" srcset=\"https:\/\/autocam.de\/wp-content\/uploads\/2022\/05\/916fa26b-f6c5-4caa-a877-ba97f500b660.jpg 2048w, https:\/\/autocam.de\/wp-content\/uploads\/2022\/05\/916fa26b-f6c5-4caa-a877-ba97f500b660-300x225.jpg 300w, https:\/\/autocam.de\/wp-content\/uploads\/2022\/05\/916fa26b-f6c5-4caa-a877-ba97f500b660-2000x1500.jpg 2000w, https:\/\/autocam.de\/wp-content\/uploads\/2022\/05\/916fa26b-f6c5-4caa-a877-ba97f500b660-768x576.jpg 768w, https:\/\/autocam.de\/wp-content\/uploads\/2022\/05\/916fa26b-f6c5-4caa-a877-ba97f500b660-1536x1152.jpg 1536w, https:\/\/autocam.de\/wp-content\/uploads\/2022\/05\/916fa26b-f6c5-4caa-a877-ba97f500b660-16x12.jpg 16w\" sizes=\"(max-width: 767px) 89vw, (max-width: 1000px) 54vw, (max-width: 1071px) 543px, 580px\" \/><\/figure>\n\n\n\n<figure class=\"wp-block-image size-large is-style-default\"><img loading=\"lazy\" decoding=\"async\" width=\"640\" height=\"480\" data-id=\"815\" src=\"https:\/\/autocam.de\/wp-content\/uploads\/2022\/05\/93f67753-861e-4476-8b6d-c3d729065afb.jpg\" alt=\"\" class=\"wp-image-815\" srcset=\"https:\/\/autocam.de\/wp-content\/uploads\/2022\/05\/93f67753-861e-4476-8b6d-c3d729065afb.jpg 640w, https:\/\/autocam.de\/wp-content\/uploads\/2022\/05\/93f67753-861e-4476-8b6d-c3d729065afb-300x225.jpg 300w, https:\/\/autocam.de\/wp-content\/uploads\/2022\/05\/93f67753-861e-4476-8b6d-c3d729065afb-16x12.jpg 16w\" sizes=\"(max-width: 640px) 100vw, 640px\" \/><\/figure>\n\n\n\n<figure class=\"wp-block-image size-large is-style-default\"><img loading=\"lazy\" decoding=\"async\" width=\"480\" height=\"640\" data-id=\"812\" src=\"https:\/\/autocam.de\/wp-content\/uploads\/2022\/05\/9c014b38-0242-4d58-a2b3-7fc52dad3c59-Kopie.jpg\" alt=\"\" class=\"wp-image-812\" srcset=\"https:\/\/autocam.de\/wp-content\/uploads\/2022\/05\/9c014b38-0242-4d58-a2b3-7fc52dad3c59-Kopie.jpg 480w, https:\/\/autocam.de\/wp-content\/uploads\/2022\/05\/9c014b38-0242-4d58-a2b3-7fc52dad3c59-Kopie-225x300.jpg 225w, https:\/\/autocam.de\/wp-content\/uploads\/2022\/05\/9c014b38-0242-4d58-a2b3-7fc52dad3c59-Kopie-9x12.jpg 9w\" sizes=\"(max-width: 480px) 100vw, 480px\" \/><\/figure>\n\n\n\n<figure class=\"wp-block-image size-large is-style-default\"><img loading=\"lazy\" decoding=\"async\" width=\"1512\" height=\"2016\" data-id=\"878\" src=\"https:\/\/autocam.de\/wp-content\/uploads\/2022\/05\/IMG_0366-rotated.jpg\" alt=\"\" class=\"wp-image-878\" srcset=\"https:\/\/autocam.de\/wp-content\/uploads\/2022\/05\/IMG_0366-rotated.jpg 1512w, https:\/\/autocam.de\/wp-content\/uploads\/2022\/05\/IMG_0366-225x300.jpg 225w, https:\/\/autocam.de\/wp-content\/uploads\/2022\/05\/IMG_0366-1125x1500.jpg 1125w, https:\/\/autocam.de\/wp-content\/uploads\/2022\/05\/IMG_0366-768x1024.jpg 768w, https:\/\/autocam.de\/wp-content\/uploads\/2022\/05\/IMG_0366-1152x1536.jpg 1152w, https:\/\/autocam.de\/wp-content\/uploads\/2022\/05\/IMG_0366-9x12.jpg 9w\" sizes=\"(max-width: 767px) 89vw, (max-width: 1000px) 54vw, (max-width: 1071px) 543px, 580px\" \/><\/figure>\n\n\n\n<figure class=\"wp-block-image size-large is-style-default\"><img loading=\"lazy\" decoding=\"async\" width=\"2016\" height=\"1512\" data-id=\"875\" src=\"https:\/\/autocam.de\/wp-content\/uploads\/2022\/05\/IMG_0271.jpg\" alt=\"\" class=\"wp-image-875\" srcset=\"https:\/\/autocam.de\/wp-content\/uploads\/2022\/05\/IMG_0271.jpg 2016w, https:\/\/autocam.de\/wp-content\/uploads\/2022\/05\/IMG_0271-300x225.jpg 300w, https:\/\/autocam.de\/wp-content\/uploads\/2022\/05\/IMG_0271-2000x1500.jpg 2000w, https:\/\/autocam.de\/wp-content\/uploads\/2022\/05\/IMG_0271-768x576.jpg 768w, https:\/\/autocam.de\/wp-content\/uploads\/2022\/05\/IMG_0271-1536x1152.jpg 1536w, https:\/\/autocam.de\/wp-content\/uploads\/2022\/05\/IMG_0271-16x12.jpg 16w\" sizes=\"(max-width: 767px) 89vw, (max-width: 1000px) 54vw, (max-width: 1071px) 543px, 580px\" \/><\/figure>\n<\/figure>\n\n\n\n<p><\/p>","protected":false},"excerpt":{"rendered":"<p>Dieses Modul ist das ideale Werkzeug, wenn Sie schnell und einfach Roboterprogramme f\u00fcr das Einschwei\u00dfen von Stutzen in B\u00f6den offline erstellen m\u00f6chten. Haben Sie im ersten Arbeitsschritt die Schneidprogramme bereits &hellip; <\/p>\n<p class=\"link-more\"><a href=\"https:\/\/autocam.de\/en\/automatische-offline-programmierung-mit-moses-robotic-ai\/moses-head-arc\" class=\"more-link\">Continue reading<span class=\"screen-reader-text\"> &#8222;MOSES Head ARC&#8220;<\/span><\/a><\/p>","protected":false},"author":2,"featured_media":0,"parent":9,"menu_order":0,"comment_status":"closed","ping_status":"closed","template":"","meta":{"footnotes":""},"class_list":["post-538","page","type-page","status-publish","hentry"],"yoast_head":"<!-- This site is optimized with the Yoast SEO plugin v27.4 - https:\/\/yoast.com\/product\/yoast-seo-wordpress\/ -->\n<title>MOSES Head ARC - MOSES Robotic AI<\/title>\n<meta name=\"robots\" content=\"noindex, follow, max-snippet:-1, max-image-preview:large, max-video-preview:-1\" \/>\n<meta property=\"og:locale\" content=\"en_US\" \/>\n<meta property=\"og:type\" content=\"article\" \/>\n<meta property=\"og:title\" content=\"MOSES Head ARC - MOSES Robotic AI\" \/>\n<meta property=\"og:description\" content=\"Dieses Modul ist das ideale Werkzeug, wenn Sie schnell und einfach Roboterprogramme f\u00fcr das Einschwei\u00dfen von Stutzen in B\u00f6den offline erstellen m\u00f6chten. Haben Sie im ersten Arbeitsschritt die Schneidprogramme bereits &hellip; Continue reading &quot;MOSES Head ARC&quot;\" \/>\n<meta property=\"og:url\" content=\"https:\/\/autocam.de\/en\/automatische-offline-programmierung-mit-moses-robotic-ai\/moses-head-arc\/\" \/>\n<meta property=\"og:site_name\" content=\"MOSES Robotic AI\" \/>\n<meta property=\"article:modified_time\" content=\"2022-05-31T13:10:24+00:00\" \/>\n<meta property=\"og:image\" content=\"https:\/\/autocam.de\/wp-content\/uploads\/2022\/05\/moses_Petro-2200x1202.jpg\" \/>\n<meta name=\"twitter:card\" content=\"summary_large_image\" \/>\n<meta name=\"twitter:label1\" content=\"Est. reading time\" \/>\n\t<meta name=\"twitter:data1\" content=\"1 minute\" \/>\n<script type=\"application\/ld+json\" class=\"yoast-schema-graph\">{\"@context\":\"https:\\\/\\\/schema.org\",\"@graph\":[{\"@type\":\"WebPage\",\"@id\":\"https:\\\/\\\/autocam.de\\\/automatische-offline-programmierung-mit-moses-robotic-ai\\\/moses-head-arc\",\"url\":\"https:\\\/\\\/autocam.de\\\/automatische-offline-programmierung-mit-moses-robotic-ai\\\/moses-head-arc\",\"name\":\"MOSES Head ARC - MOSES Robotic AI\",\"isPartOf\":{\"@id\":\"https:\\\/\\\/autocam.de\\\/#website\"},\"primaryImageOfPage\":{\"@id\":\"https:\\\/\\\/autocam.de\\\/automatische-offline-programmierung-mit-moses-robotic-ai\\\/moses-head-arc#primaryimage\"},\"image\":{\"@id\":\"https:\\\/\\\/autocam.de\\\/automatische-offline-programmierung-mit-moses-robotic-ai\\\/moses-head-arc#primaryimage\"},\"thumbnailUrl\":\"https:\\\/\\\/autocam.de\\\/wp-content\\\/uploads\\\/2022\\\/05\\\/moses_Petro-2200x1202.jpg\",\"datePublished\":\"2022-02-01T11:38:17+00:00\",\"dateModified\":\"2022-05-31T13:10:24+00:00\",\"breadcrumb\":{\"@id\":\"https:\\\/\\\/autocam.de\\\/automatische-offline-programmierung-mit-moses-robotic-ai\\\/moses-head-arc#breadcrumb\"},\"inLanguage\":\"en-US\",\"potentialAction\":[{\"@type\":\"ReadAction\",\"target\":[\"https:\\\/\\\/autocam.de\\\/automatische-offline-programmierung-mit-moses-robotic-ai\\\/moses-head-arc\"]}]},{\"@type\":\"ImageObject\",\"inLanguage\":\"en-US\",\"@id\":\"https:\\\/\\\/autocam.de\\\/automatische-offline-programmierung-mit-moses-robotic-ai\\\/moses-head-arc#primaryimage\",\"url\":\"https:\\\/\\\/autocam.de\\\/wp-content\\\/uploads\\\/2022\\\/05\\\/moses_Petro-2200x1202.jpg\",\"contentUrl\":\"https:\\\/\\\/autocam.de\\\/wp-content\\\/uploads\\\/2022\\\/05\\\/moses_Petro-2200x1202.jpg\"},{\"@type\":\"BreadcrumbList\",\"@id\":\"https:\\\/\\\/autocam.de\\\/automatische-offline-programmierung-mit-moses-robotic-ai\\\/moses-head-arc#breadcrumb\",\"itemListElement\":[{\"@type\":\"ListItem\",\"position\":1,\"name\":\"Startseite\",\"item\":\"https:\\\/\\\/autocam.de\\\/\"},{\"@type\":\"ListItem\",\"position\":2,\"name\":\"Automatische Offline Programmierung mit MOSES ROBOTICS AI\",\"item\":\"https:\\\/\\\/autocam.de\\\/\"},{\"@type\":\"ListItem\",\"position\":3,\"name\":\"MOSES Head ARC\"}]},{\"@type\":\"WebSite\",\"@id\":\"https:\\\/\\\/autocam.de\\\/#website\",\"url\":\"https:\\\/\\\/autocam.de\\\/\",\"name\":\"MOSES Robotic AI\",\"description\":\"Fast Automatic Offline-Programming\",\"publisher\":{\"@id\":\"https:\\\/\\\/autocam.de\\\/#organization\"},\"potentialAction\":[{\"@type\":\"SearchAction\",\"target\":{\"@type\":\"EntryPoint\",\"urlTemplate\":\"https:\\\/\\\/autocam.de\\\/?s={search_term_string}\"},\"query-input\":{\"@type\":\"PropertyValueSpecification\",\"valueRequired\":true,\"valueName\":\"search_term_string\"}}],\"inLanguage\":\"en-US\"},{\"@type\":\"Organization\",\"@id\":\"https:\\\/\\\/autocam.de\\\/#organization\",\"name\":\"AUTOCAM\",\"url\":\"https:\\\/\\\/autocam.de\\\/\",\"logo\":{\"@type\":\"ImageObject\",\"inLanguage\":\"en-US\",\"@id\":\"https:\\\/\\\/autocam.de\\\/#\\\/schema\\\/logo\\\/image\\\/\",\"url\":\"https:\\\/\\\/autocam.de\\\/wp-content\\\/uploads\\\/2020\\\/09\\\/cropped-autocam_logo_transparent_ohne_schrift_hell_re_512.png\",\"contentUrl\":\"https:\\\/\\\/autocam.de\\\/wp-content\\\/uploads\\\/2020\\\/09\\\/cropped-autocam_logo_transparent_ohne_schrift_hell_re_512.png\",\"width\":250,\"height\":250,\"caption\":\"AUTOCAM\"},\"image\":{\"@id\":\"https:\\\/\\\/autocam.de\\\/#\\\/schema\\\/logo\\\/image\\\/\"}}]}<\/script>\n<!-- \/ Yoast SEO plugin. -->","yoast_head_json":{"title":"MOSES Head ARC - MOSES Robotic AI","robots":{"index":"noindex","follow":"follow","max-snippet":"max-snippet:-1","max-image-preview":"max-image-preview:large","max-video-preview":"max-video-preview:-1"},"og_locale":"en_US","og_type":"article","og_title":"MOSES Head ARC - MOSES Robotic AI","og_description":"Dieses Modul ist das ideale Werkzeug, wenn Sie schnell und einfach Roboterprogramme f\u00fcr das Einschwei\u00dfen von Stutzen in B\u00f6den offline erstellen m\u00f6chten. Haben Sie im ersten Arbeitsschritt die Schneidprogramme bereits &hellip; Continue reading \"MOSES Head ARC\"","og_url":"https:\/\/autocam.de\/en\/automatische-offline-programmierung-mit-moses-robotic-ai\/moses-head-arc\/","og_site_name":"MOSES Robotic AI","article_modified_time":"2022-05-31T13:10:24+00:00","og_image":[{"url":"https:\/\/autocam.de\/wp-content\/uploads\/2022\/05\/moses_Petro-2200x1202.jpg","type":"","width":"","height":""}],"twitter_card":"summary_large_image","twitter_misc":{"Est. reading time":"1 minute"},"schema":{"@context":"https:\/\/schema.org","@graph":[{"@type":"WebPage","@id":"https:\/\/autocam.de\/automatische-offline-programmierung-mit-moses-robotic-ai\/moses-head-arc","url":"https:\/\/autocam.de\/automatische-offline-programmierung-mit-moses-robotic-ai\/moses-head-arc","name":"MOSES Head ARC - MOSES Robotic AI","isPartOf":{"@id":"https:\/\/autocam.de\/#website"},"primaryImageOfPage":{"@id":"https:\/\/autocam.de\/automatische-offline-programmierung-mit-moses-robotic-ai\/moses-head-arc#primaryimage"},"image":{"@id":"https:\/\/autocam.de\/automatische-offline-programmierung-mit-moses-robotic-ai\/moses-head-arc#primaryimage"},"thumbnailUrl":"https:\/\/autocam.de\/wp-content\/uploads\/2022\/05\/moses_Petro-2200x1202.jpg","datePublished":"2022-02-01T11:38:17+00:00","dateModified":"2022-05-31T13:10:24+00:00","breadcrumb":{"@id":"https:\/\/autocam.de\/automatische-offline-programmierung-mit-moses-robotic-ai\/moses-head-arc#breadcrumb"},"inLanguage":"en-US","potentialAction":[{"@type":"ReadAction","target":["https:\/\/autocam.de\/automatische-offline-programmierung-mit-moses-robotic-ai\/moses-head-arc"]}]},{"@type":"ImageObject","inLanguage":"en-US","@id":"https:\/\/autocam.de\/automatische-offline-programmierung-mit-moses-robotic-ai\/moses-head-arc#primaryimage","url":"https:\/\/autocam.de\/wp-content\/uploads\/2022\/05\/moses_Petro-2200x1202.jpg","contentUrl":"https:\/\/autocam.de\/wp-content\/uploads\/2022\/05\/moses_Petro-2200x1202.jpg"},{"@type":"BreadcrumbList","@id":"https:\/\/autocam.de\/automatische-offline-programmierung-mit-moses-robotic-ai\/moses-head-arc#breadcrumb","itemListElement":[{"@type":"ListItem","position":1,"name":"Startseite","item":"https:\/\/autocam.de\/"},{"@type":"ListItem","position":2,"name":"Automatische Offline Programmierung mit MOSES ROBOTICS AI","item":"https:\/\/autocam.de\/"},{"@type":"ListItem","position":3,"name":"MOSES Head ARC"}]},{"@type":"WebSite","@id":"https:\/\/autocam.de\/#website","url":"https:\/\/autocam.de\/","name":"MOSES Robotic AI","description":"Fast Automatic Offline-Programming","publisher":{"@id":"https:\/\/autocam.de\/#organization"},"potentialAction":[{"@type":"SearchAction","target":{"@type":"EntryPoint","urlTemplate":"https:\/\/autocam.de\/?s={search_term_string}"},"query-input":{"@type":"PropertyValueSpecification","valueRequired":true,"valueName":"search_term_string"}}],"inLanguage":"en-US"},{"@type":"Organization","@id":"https:\/\/autocam.de\/#organization","name":"AUTOCAM","url":"https:\/\/autocam.de\/","logo":{"@type":"ImageObject","inLanguage":"en-US","@id":"https:\/\/autocam.de\/#\/schema\/logo\/image\/","url":"https:\/\/autocam.de\/wp-content\/uploads\/2020\/09\/cropped-autocam_logo_transparent_ohne_schrift_hell_re_512.png","contentUrl":"https:\/\/autocam.de\/wp-content\/uploads\/2020\/09\/cropped-autocam_logo_transparent_ohne_schrift_hell_re_512.png","width":250,"height":250,"caption":"AUTOCAM"},"image":{"@id":"https:\/\/autocam.de\/#\/schema\/logo\/image\/"}}]}},"_links":{"self":[{"href":"https:\/\/autocam.de\/en\/wp-json\/wp\/v2\/pages\/538","targetHints":{"allow":["GET"]}}],"collection":[{"href":"https:\/\/autocam.de\/en\/wp-json\/wp\/v2\/pages"}],"about":[{"href":"https:\/\/autocam.de\/en\/wp-json\/wp\/v2\/types\/page"}],"author":[{"embeddable":true,"href":"https:\/\/autocam.de\/en\/wp-json\/wp\/v2\/users\/2"}],"replies":[{"embeddable":true,"href":"https:\/\/autocam.de\/en\/wp-json\/wp\/v2\/comments?post=538"}],"version-history":[{"count":12,"href":"https:\/\/autocam.de\/en\/wp-json\/wp\/v2\/pages\/538\/revisions"}],"predecessor-version":[{"id":1276,"href":"https:\/\/autocam.de\/en\/wp-json\/wp\/v2\/pages\/538\/revisions\/1276"}],"up":[{"embeddable":true,"href":"https:\/\/autocam.de\/en\/wp-json\/wp\/v2\/pages\/9"}],"wp:attachment":[{"href":"https:\/\/autocam.de\/en\/wp-json\/wp\/v2\/media?parent=538"}],"curies":[{"name":"wp","href":"https:\/\/api.w.org\/{rel}","templated":true}]}}