{"id":58,"date":"2021-08-23T13:18:31","date_gmt":"2021-08-23T13:18:31","guid":{"rendered":"https:\/\/mosesroboticaiautoma.live-website.com\/?page_id=58"},"modified":"2022-05-31T07:22:52","modified_gmt":"2022-05-31T07:22:52","slug":"moses-sheet-blech","status":"publish","type":"page","link":"https:\/\/autocam.de\/en\/moses-sheet-blech","title":{"rendered":"MOSES-BLECH"},"content":{"rendered":"<h3 class=\"wp-block-heading\">The powerful tool for the automated generation of chamfer cuts<\/h3>\n\n\n\n<p>MOSES-SHEET automates the programming of high quality bevel cuts on sheet metal parts. Complex programming tasks such as weld seam preparation and the production of functional or visible surfaces are completed in the shortest possible time.<\/p>\n\n\n\n<figure class=\"wp-block-image size-large\"><img fetchpriority=\"high\" decoding=\"async\" width=\"1024\" height=\"686\" src=\"https:\/\/autocam.de\/wp-content\/uploads\/2021\/08\/mooreast-2-1024x686.jpg\" alt=\"\" class=\"wp-image-59\" srcset=\"https:\/\/autocam.de\/wp-content\/uploads\/2021\/08\/mooreast-2-1024x686.jpg 1024w, https:\/\/autocam.de\/wp-content\/uploads\/2021\/08\/mooreast-2-300x201.jpg 300w, https:\/\/autocam.de\/wp-content\/uploads\/2021\/08\/mooreast-2-768x515.jpg 768w, https:\/\/autocam.de\/wp-content\/uploads\/2021\/08\/mooreast-2.jpg 1256w\" sizes=\"(max-width: 767px) 89vw, (max-width: 1000px) 54vw, (max-width: 1071px) 543px, 580px\" \/><\/figure>\n\n\n\n<p>The input information for the generation of the robot programs are simple 2D CAD drawings of the components. These can be imported from any CAD system or created directly in MOSES. The selection of the edges to be machined and the input of the cutting parameters is done easily and comfortably in a few steps. The complete robot program is then generated fully automatically. The cutting speed is continuously adapted to the effective cutting depth or cutting angle. To ensure high cutting quality even at inner and outer corners of the contours, special motion strategies are applied and melting of the corner areas is prevented.<\/p>\n\n\n\n<p><br>The high accuracy of the bevel geometry is achieved by adapting the robot program to the actual component position. Reference points are already generated during the CAD-based program generation, which enable the robot to precisely measure the component position. This calibration can be done fully automatically with the help of laser distance sensors or tactile pins, or semi-automatically by manually teaching the reference points. Furthermore, MOSES-SHEET offers the option to control a camera for online edge tracking during the cutting process. This sensor even compensates for the heat distortion that occurs during cutting.<\/p>\n\n\n\n<p>With the assistance of the graphic 3D motion simulation, the collision-free executability of the motion programs and the reachability of all path points can be checked. In addition, the machining time can also be precisely predicted.<\/p>\n\n\n\n<p>In this way, MOSES-SHEET enables the economical automation of cutting tasks with the smallest quantities up to \"batch size 1\" with the highest quality and simplest operation. Compared to conventional programming methods, the programming time can be reduced by up to 95%.<\/p>\n\n\n\n<figure class=\"wp-block-gallery has-nested-images columns-default is-cropped wp-block-gallery-2 is-layout-flex wp-block-gallery-is-layout-flex\">\n<figure class=\"wp-block-image size-large is-style-default\"><img decoding=\"async\" width=\"2560\" height=\"1707\" data-id=\"1103\" src=\"https:\/\/autocam.de\/wp-content\/uploads\/2022\/05\/IMG_7444-3-scaled.jpg\" alt=\"\" class=\"wp-image-1103\" srcset=\"https:\/\/autocam.de\/wp-content\/uploads\/2022\/05\/IMG_7444-3-scaled.jpg 2560w, https:\/\/autocam.de\/wp-content\/uploads\/2022\/05\/IMG_7444-3-300x200.jpg 300w, https:\/\/autocam.de\/wp-content\/uploads\/2022\/05\/IMG_7444-3-768x512.jpg 768w, https:\/\/autocam.de\/wp-content\/uploads\/2022\/05\/IMG_7444-3-1536x1024.jpg 1536w, https:\/\/autocam.de\/wp-content\/uploads\/2022\/05\/IMG_7444-3-2048x1365.jpg 2048w, https:\/\/autocam.de\/wp-content\/uploads\/2022\/05\/IMG_7444-3-18x12.jpg 18w\" sizes=\"(max-width: 767px) 89vw, (max-width: 1000px) 54vw, (max-width: 1071px) 543px, 580px\" \/><\/figure>\n\n\n\n<figure class=\"wp-block-image size-large is-style-default\"><img decoding=\"async\" width=\"2560\" height=\"1707\" data-id=\"1100\" src=\"https:\/\/autocam.de\/wp-content\/uploads\/2022\/05\/IMG_7447-3-scaled.jpg\" alt=\"\" class=\"wp-image-1100\" srcset=\"https:\/\/autocam.de\/wp-content\/uploads\/2022\/05\/IMG_7447-3-scaled.jpg 2560w, https:\/\/autocam.de\/wp-content\/uploads\/2022\/05\/IMG_7447-3-300x200.jpg 300w, https:\/\/autocam.de\/wp-content\/uploads\/2022\/05\/IMG_7447-3-768x512.jpg 768w, https:\/\/autocam.de\/wp-content\/uploads\/2022\/05\/IMG_7447-3-1536x1024.jpg 1536w, https:\/\/autocam.de\/wp-content\/uploads\/2022\/05\/IMG_7447-3-2048x1365.jpg 2048w, https:\/\/autocam.de\/wp-content\/uploads\/2022\/05\/IMG_7447-3-18x12.jpg 18w\" sizes=\"(max-width: 767px) 89vw, (max-width: 1000px) 54vw, (max-width: 1071px) 543px, 580px\" \/><\/figure>\n\n\n\n<figure class=\"wp-block-image size-large is-style-default\"><img loading=\"lazy\" decoding=\"async\" width=\"2560\" height=\"1707\" data-id=\"1099\" src=\"https:\/\/autocam.de\/wp-content\/uploads\/2022\/05\/IMG_7443-3-scaled.jpg\" alt=\"\" class=\"wp-image-1099\" srcset=\"https:\/\/autocam.de\/wp-content\/uploads\/2022\/05\/IMG_7443-3-scaled.jpg 2560w, https:\/\/autocam.de\/wp-content\/uploads\/2022\/05\/IMG_7443-3-300x200.jpg 300w, https:\/\/autocam.de\/wp-content\/uploads\/2022\/05\/IMG_7443-3-768x512.jpg 768w, https:\/\/autocam.de\/wp-content\/uploads\/2022\/05\/IMG_7443-3-1536x1024.jpg 1536w, https:\/\/autocam.de\/wp-content\/uploads\/2022\/05\/IMG_7443-3-2048x1365.jpg 2048w, https:\/\/autocam.de\/wp-content\/uploads\/2022\/05\/IMG_7443-3-18x12.jpg 18w\" sizes=\"(max-width: 767px) 89vw, (max-width: 1000px) 54vw, (max-width: 1071px) 543px, 580px\" \/><\/figure>\n\n\n\n<figure class=\"wp-block-image size-large is-style-default\"><img loading=\"lazy\" decoding=\"async\" width=\"2048\" height=\"1536\" data-id=\"1098\" src=\"https:\/\/autocam.de\/wp-content\/uploads\/2022\/05\/P8240759-3.jpg\" alt=\"\" class=\"wp-image-1098\" srcset=\"https:\/\/autocam.de\/wp-content\/uploads\/2022\/05\/P8240759-3.jpg 2048w, https:\/\/autocam.de\/wp-content\/uploads\/2022\/05\/P8240759-3-300x225.jpg 300w, https:\/\/autocam.de\/wp-content\/uploads\/2022\/05\/P8240759-3-2000x1500.jpg 2000w, https:\/\/autocam.de\/wp-content\/uploads\/2022\/05\/P8240759-3-768x576.jpg 768w, https:\/\/autocam.de\/wp-content\/uploads\/2022\/05\/P8240759-3-1536x1152.jpg 1536w, https:\/\/autocam.de\/wp-content\/uploads\/2022\/05\/P8240759-3-16x12.jpg 16w\" sizes=\"(max-width: 767px) 89vw, (max-width: 1000px) 54vw, (max-width: 1071px) 543px, 580px\" \/><\/figure>\n\n\n\n<figure class=\"wp-block-image size-large is-style-default\"><img loading=\"lazy\" decoding=\"async\" width=\"1536\" height=\"2048\" data-id=\"1097\" src=\"https:\/\/autocam.de\/wp-content\/uploads\/2022\/05\/P8230740-3.jpg\" alt=\"\" class=\"wp-image-1097\" srcset=\"https:\/\/autocam.de\/wp-content\/uploads\/2022\/05\/P8230740-3.jpg 1536w, https:\/\/autocam.de\/wp-content\/uploads\/2022\/05\/P8230740-3-225x300.jpg 225w, https:\/\/autocam.de\/wp-content\/uploads\/2022\/05\/P8230740-3-1125x1500.jpg 1125w, https:\/\/autocam.de\/wp-content\/uploads\/2022\/05\/P8230740-3-768x1024.jpg 768w, https:\/\/autocam.de\/wp-content\/uploads\/2022\/05\/P8230740-3-1152x1536.jpg 1152w, https:\/\/autocam.de\/wp-content\/uploads\/2022\/05\/P8230740-3-9x12.jpg 9w\" sizes=\"(max-width: 767px) 89vw, (max-width: 1000px) 54vw, (max-width: 1071px) 543px, 580px\" \/><\/figure>\n\n\n\n<figure class=\"wp-block-image size-large is-style-default\"><img loading=\"lazy\" decoding=\"async\" width=\"2048\" height=\"1536\" data-id=\"1095\" src=\"https:\/\/autocam.de\/wp-content\/uploads\/2022\/05\/P7280712-3.jpg\" alt=\"\" class=\"wp-image-1095\" srcset=\"https:\/\/autocam.de\/wp-content\/uploads\/2022\/05\/P7280712-3.jpg 2048w, https:\/\/autocam.de\/wp-content\/uploads\/2022\/05\/P7280712-3-300x225.jpg 300w, https:\/\/autocam.de\/wp-content\/uploads\/2022\/05\/P7280712-3-2000x1500.jpg 2000w, https:\/\/autocam.de\/wp-content\/uploads\/2022\/05\/P7280712-3-768x576.jpg 768w, https:\/\/autocam.de\/wp-content\/uploads\/2022\/05\/P7280712-3-1536x1152.jpg 1536w, https:\/\/autocam.de\/wp-content\/uploads\/2022\/05\/P7280712-3-16x12.jpg 16w\" sizes=\"(max-width: 767px) 89vw, (max-width: 1000px) 54vw, (max-width: 1071px) 543px, 580px\" \/><\/figure>\n\n\n\n<figure class=\"wp-block-image size-large is-style-default\"><img loading=\"lazy\" decoding=\"async\" width=\"1200\" height=\"1600\" data-id=\"1094\" src=\"https:\/\/autocam.de\/wp-content\/uploads\/2022\/05\/105-0505_IMG-2.jpg\" alt=\"\" class=\"wp-image-1094\" srcset=\"https:\/\/autocam.de\/wp-content\/uploads\/2022\/05\/105-0505_IMG-2.jpg 1200w, https:\/\/autocam.de\/wp-content\/uploads\/2022\/05\/105-0505_IMG-2-225x300.jpg 225w, https:\/\/autocam.de\/wp-content\/uploads\/2022\/05\/105-0505_IMG-2-1125x1500.jpg 1125w, https:\/\/autocam.de\/wp-content\/uploads\/2022\/05\/105-0505_IMG-2-768x1024.jpg 768w, https:\/\/autocam.de\/wp-content\/uploads\/2022\/05\/105-0505_IMG-2-1152x1536.jpg 1152w, https:\/\/autocam.de\/wp-content\/uploads\/2022\/05\/105-0505_IMG-2-9x12.jpg 9w\" sizes=\"(max-width: 767px) 89vw, (max-width: 1000px) 54vw, (max-width: 1071px) 543px, 580px\" \/><\/figure>\n\n\n\n<figure class=\"wp-block-image size-large is-style-default\"><img loading=\"lazy\" decoding=\"async\" width=\"1600\" height=\"1200\" data-id=\"1093\" src=\"https:\/\/autocam.de\/wp-content\/uploads\/2022\/05\/105-0503_IMG-2.jpg\" alt=\"\" class=\"wp-image-1093\" srcset=\"https:\/\/autocam.de\/wp-content\/uploads\/2022\/05\/105-0503_IMG-2.jpg 1600w, https:\/\/autocam.de\/wp-content\/uploads\/2022\/05\/105-0503_IMG-2-300x225.jpg 300w, https:\/\/autocam.de\/wp-content\/uploads\/2022\/05\/105-0503_IMG-2-768x576.jpg 768w, https:\/\/autocam.de\/wp-content\/uploads\/2022\/05\/105-0503_IMG-2-1536x1152.jpg 1536w, https:\/\/autocam.de\/wp-content\/uploads\/2022\/05\/105-0503_IMG-2-16x12.jpg 16w\" sizes=\"(max-width: 767px) 89vw, (max-width: 1000px) 54vw, (max-width: 1071px) 543px, 580px\" \/><\/figure>\n\n\n\n<figure class=\"wp-block-image size-large is-style-default\"><img loading=\"lazy\" decoding=\"async\" width=\"1280\" height=\"827\" data-id=\"1092\" src=\"https:\/\/autocam.de\/wp-content\/uploads\/2022\/05\/G0010022-3.jpg\" alt=\"\" class=\"wp-image-1092\" srcset=\"https:\/\/autocam.de\/wp-content\/uploads\/2022\/05\/G0010022-3.jpg 1280w, https:\/\/autocam.de\/wp-content\/uploads\/2022\/05\/G0010022-3-300x194.jpg 300w, https:\/\/autocam.de\/wp-content\/uploads\/2022\/05\/G0010022-3-768x496.jpg 768w, https:\/\/autocam.de\/wp-content\/uploads\/2022\/05\/G0010022-3-18x12.jpg 18w\" sizes=\"(max-width: 767px) 89vw, (max-width: 1000px) 54vw, (max-width: 1071px) 543px, 580px\" \/><\/figure>\n\n\n\n<figure class=\"wp-block-image size-large is-style-default\"><img loading=\"lazy\" decoding=\"async\" width=\"768\" height=\"1024\" data-id=\"1091\" src=\"https:\/\/autocam.de\/wp-content\/uploads\/2022\/05\/28830517-b79e-407e-82d1-41d26e3644d5.jpg\" alt=\"\" class=\"wp-image-1091\" srcset=\"https:\/\/autocam.de\/wp-content\/uploads\/2022\/05\/28830517-b79e-407e-82d1-41d26e3644d5.jpg 768w, https:\/\/autocam.de\/wp-content\/uploads\/2022\/05\/28830517-b79e-407e-82d1-41d26e3644d5-225x300.jpg 225w, https:\/\/autocam.de\/wp-content\/uploads\/2022\/05\/28830517-b79e-407e-82d1-41d26e3644d5-9x12.jpg 9w\" sizes=\"(max-width: 767px) 89vw, (max-width: 1000px) 54vw, (max-width: 1071px) 543px, 580px\" \/><\/figure>\n\n\n\n<figure class=\"wp-block-image size-large is-style-default\"><img loading=\"lazy\" decoding=\"async\" width=\"2048\" height=\"1536\" data-id=\"1073\" src=\"https:\/\/autocam.de\/wp-content\/uploads\/2022\/05\/P8240762-1.jpg\" alt=\"\" class=\"wp-image-1073\" srcset=\"https:\/\/autocam.de\/wp-content\/uploads\/2022\/05\/P8240762-1.jpg 2048w, https:\/\/autocam.de\/wp-content\/uploads\/2022\/05\/P8240762-1-300x225.jpg 300w, https:\/\/autocam.de\/wp-content\/uploads\/2022\/05\/P8240762-1-2000x1500.jpg 2000w, https:\/\/autocam.de\/wp-content\/uploads\/2022\/05\/P8240762-1-768x576.jpg 768w, https:\/\/autocam.de\/wp-content\/uploads\/2022\/05\/P8240762-1-1536x1152.jpg 1536w, https:\/\/autocam.de\/wp-content\/uploads\/2022\/05\/P8240762-1-16x12.jpg 16w\" sizes=\"(max-width: 767px) 89vw, (max-width: 1000px) 54vw, (max-width: 1071px) 543px, 580px\" \/><\/figure>\n\n\n\n<figure class=\"wp-block-image size-large is-style-default\"><img loading=\"lazy\" decoding=\"async\" width=\"2048\" height=\"1536\" data-id=\"1070\" src=\"https:\/\/autocam.de\/wp-content\/uploads\/2022\/05\/P8240752-1.jpg\" alt=\"\" class=\"wp-image-1070\" srcset=\"https:\/\/autocam.de\/wp-content\/uploads\/2022\/05\/P8240752-1.jpg 2048w, https:\/\/autocam.de\/wp-content\/uploads\/2022\/05\/P8240752-1-300x225.jpg 300w, https:\/\/autocam.de\/wp-content\/uploads\/2022\/05\/P8240752-1-2000x1500.jpg 2000w, https:\/\/autocam.de\/wp-content\/uploads\/2022\/05\/P8240752-1-768x576.jpg 768w, https:\/\/autocam.de\/wp-content\/uploads\/2022\/05\/P8240752-1-1536x1152.jpg 1536w, https:\/\/autocam.de\/wp-content\/uploads\/2022\/05\/P8240752-1-16x12.jpg 16w\" sizes=\"(max-width: 767px) 89vw, (max-width: 1000px) 54vw, (max-width: 1071px) 543px, 580px\" \/><\/figure>\n\n\n\n<figure class=\"wp-block-image size-large is-style-default\"><img loading=\"lazy\" decoding=\"async\" width=\"2560\" height=\"1707\" data-id=\"1072\" src=\"https:\/\/autocam.de\/wp-content\/uploads\/2022\/05\/IMG_7447-1-scaled.jpg\" alt=\"\" class=\"wp-image-1072\" srcset=\"https:\/\/autocam.de\/wp-content\/uploads\/2022\/05\/IMG_7447-1-scaled.jpg 2560w, https:\/\/autocam.de\/wp-content\/uploads\/2022\/05\/IMG_7447-1-300x200.jpg 300w, https:\/\/autocam.de\/wp-content\/uploads\/2022\/05\/IMG_7447-1-768x512.jpg 768w, https:\/\/autocam.de\/wp-content\/uploads\/2022\/05\/IMG_7447-1-1536x1024.jpg 1536w, https:\/\/autocam.de\/wp-content\/uploads\/2022\/05\/IMG_7447-1-2048x1365.jpg 2048w, https:\/\/autocam.de\/wp-content\/uploads\/2022\/05\/IMG_7447-1-18x12.jpg 18w\" sizes=\"(max-width: 767px) 89vw, (max-width: 1000px) 54vw, (max-width: 1071px) 543px, 580px\" \/><\/figure>\n\n\n\n<figure class=\"wp-block-image size-large is-style-default\"><img loading=\"lazy\" decoding=\"async\" width=\"2560\" height=\"1707\" data-id=\"1068\" src=\"https:\/\/autocam.de\/wp-content\/uploads\/2022\/05\/IMG_7440-1-scaled.jpg\" alt=\"\" class=\"wp-image-1068\" srcset=\"https:\/\/autocam.de\/wp-content\/uploads\/2022\/05\/IMG_7440-1-scaled.jpg 2560w, https:\/\/autocam.de\/wp-content\/uploads\/2022\/05\/IMG_7440-1-300x200.jpg 300w, https:\/\/autocam.de\/wp-content\/uploads\/2022\/05\/IMG_7440-1-768x512.jpg 768w, https:\/\/autocam.de\/wp-content\/uploads\/2022\/05\/IMG_7440-1-1536x1024.jpg 1536w, https:\/\/autocam.de\/wp-content\/uploads\/2022\/05\/IMG_7440-1-2048x1365.jpg 2048w, https:\/\/autocam.de\/wp-content\/uploads\/2022\/05\/IMG_7440-1-18x12.jpg 18w\" sizes=\"(max-width: 767px) 89vw, (max-width: 1000px) 54vw, (max-width: 1071px) 543px, 580px\" \/><\/figure>\n<\/figure>","protected":false},"excerpt":{"rendered":"<p>Das leistungsf\u00e4hige Werkzeug zur automatisierten Erstellung von Fasenschnitten MOSES-Blech automatisiert die Programmierung von Fasenschnitten hoher Qualit\u00e4t an ebenen Bauteilen. Aufw\u00e4ndige Programmieraufgaben wie Schwei\u00dfnahtvorbereitung und die Herstellung von Funktions- oder Sichtfl\u00e4chen &hellip; <\/p>\n<p class=\"link-more\"><a href=\"https:\/\/autocam.de\/en\/moses-sheet-blech\" class=\"more-link\">Continue reading<span class=\"screen-reader-text\"> &#8222;MOSES-BLECH&#8220;<\/span><\/a><\/p>","protected":false},"author":1,"featured_media":0,"parent":0,"menu_order":0,"comment_status":"closed","ping_status":"closed","template":"","meta":{"footnotes":""},"class_list":["post-58","page","type-page","status-publish","hentry"],"yoast_head":"<!-- This site is optimized with the Yoast SEO plugin v27.4 - https:\/\/yoast.com\/product\/yoast-seo-wordpress\/ -->\n<title>MOSES-BLECH - MOSES Robotic AI<\/title>\n<meta name=\"robots\" content=\"noindex, follow, max-snippet:-1, max-image-preview:large, max-video-preview:-1\" \/>\n<meta property=\"og:locale\" content=\"en_US\" \/>\n<meta property=\"og:type\" content=\"article\" \/>\n<meta property=\"og:title\" content=\"MOSES-BLECH - MOSES Robotic AI\" \/>\n<meta property=\"og:description\" content=\"Das leistungsf\u00e4hige Werkzeug zur automatisierten Erstellung von Fasenschnitten MOSES-Blech automatisiert die Programmierung von Fasenschnitten hoher Qualit\u00e4t an ebenen Bauteilen. Aufw\u00e4ndige Programmieraufgaben wie Schwei\u00dfnahtvorbereitung und die Herstellung von Funktions- oder Sichtfl\u00e4chen &hellip; Continue reading &quot;MOSES-BLECH&quot;\" \/>\n<meta property=\"og:url\" content=\"https:\/\/autocam.de\/en\/moses-sheet-blech\/\" \/>\n<meta property=\"og:site_name\" content=\"MOSES Robotic AI\" \/>\n<meta property=\"article:modified_time\" content=\"2022-05-31T07:22:52+00:00\" \/>\n<meta property=\"og:image\" content=\"https:\/\/autocam.de\/wp-content\/uploads\/2021\/08\/mooreast-2-1024x686.jpg\" \/>\n<meta name=\"twitter:card\" content=\"summary_large_image\" \/>\n<meta name=\"twitter:label1\" content=\"Est. reading time\" \/>\n\t<meta name=\"twitter:data1\" content=\"1 minute\" \/>\n<script type=\"application\/ld+json\" class=\"yoast-schema-graph\">{\"@context\":\"https:\\\/\\\/schema.org\",\"@graph\":[{\"@type\":\"WebPage\",\"@id\":\"https:\\\/\\\/autocam.de\\\/moses-sheet-blech\",\"url\":\"https:\\\/\\\/autocam.de\\\/moses-sheet-blech\",\"name\":\"MOSES-BLECH - MOSES Robotic AI\",\"isPartOf\":{\"@id\":\"https:\\\/\\\/autocam.de\\\/#website\"},\"primaryImageOfPage\":{\"@id\":\"https:\\\/\\\/autocam.de\\\/moses-sheet-blech#primaryimage\"},\"image\":{\"@id\":\"https:\\\/\\\/autocam.de\\\/moses-sheet-blech#primaryimage\"},\"thumbnailUrl\":\"https:\\\/\\\/autocam.de\\\/wp-content\\\/uploads\\\/2021\\\/08\\\/mooreast-2-1024x686.jpg\",\"datePublished\":\"2021-08-23T13:18:31+00:00\",\"dateModified\":\"2022-05-31T07:22:52+00:00\",\"breadcrumb\":{\"@id\":\"https:\\\/\\\/autocam.de\\\/moses-sheet-blech#breadcrumb\"},\"inLanguage\":\"en-US\",\"potentialAction\":[{\"@type\":\"ReadAction\",\"target\":[\"https:\\\/\\\/autocam.de\\\/moses-sheet-blech\"]}]},{\"@type\":\"ImageObject\",\"inLanguage\":\"en-US\",\"@id\":\"https:\\\/\\\/autocam.de\\\/moses-sheet-blech#primaryimage\",\"url\":\"https:\\\/\\\/autocam.de\\\/wp-content\\\/uploads\\\/2021\\\/08\\\/mooreast-2-1024x686.jpg\",\"contentUrl\":\"https:\\\/\\\/autocam.de\\\/wp-content\\\/uploads\\\/2021\\\/08\\\/mooreast-2-1024x686.jpg\"},{\"@type\":\"BreadcrumbList\",\"@id\":\"https:\\\/\\\/autocam.de\\\/moses-sheet-blech#breadcrumb\",\"itemListElement\":[{\"@type\":\"ListItem\",\"position\":1,\"name\":\"Startseite\",\"item\":\"https:\\\/\\\/autocam.de\\\/\"},{\"@type\":\"ListItem\",\"position\":2,\"name\":\"MOSES-BLECH\"}]},{\"@type\":\"WebSite\",\"@id\":\"https:\\\/\\\/autocam.de\\\/#website\",\"url\":\"https:\\\/\\\/autocam.de\\\/\",\"name\":\"MOSES Robotic AI\",\"description\":\"Fast Automatic Offline-Programming\",\"publisher\":{\"@id\":\"https:\\\/\\\/autocam.de\\\/#organization\"},\"potentialAction\":[{\"@type\":\"SearchAction\",\"target\":{\"@type\":\"EntryPoint\",\"urlTemplate\":\"https:\\\/\\\/autocam.de\\\/?s={search_term_string}\"},\"query-input\":{\"@type\":\"PropertyValueSpecification\",\"valueRequired\":true,\"valueName\":\"search_term_string\"}}],\"inLanguage\":\"en-US\"},{\"@type\":\"Organization\",\"@id\":\"https:\\\/\\\/autocam.de\\\/#organization\",\"name\":\"AUTOCAM\",\"url\":\"https:\\\/\\\/autocam.de\\\/\",\"logo\":{\"@type\":\"ImageObject\",\"inLanguage\":\"en-US\",\"@id\":\"https:\\\/\\\/autocam.de\\\/#\\\/schema\\\/logo\\\/image\\\/\",\"url\":\"https:\\\/\\\/autocam.de\\\/wp-content\\\/uploads\\\/2020\\\/09\\\/cropped-autocam_logo_transparent_ohne_schrift_hell_re_512.png\",\"contentUrl\":\"https:\\\/\\\/autocam.de\\\/wp-content\\\/uploads\\\/2020\\\/09\\\/cropped-autocam_logo_transparent_ohne_schrift_hell_re_512.png\",\"width\":250,\"height\":250,\"caption\":\"AUTOCAM\"},\"image\":{\"@id\":\"https:\\\/\\\/autocam.de\\\/#\\\/schema\\\/logo\\\/image\\\/\"}}]}<\/script>\n<!-- \/ Yoast SEO plugin. -->","yoast_head_json":{"title":"MOSES-BLECH - MOSES Robotic AI","robots":{"index":"noindex","follow":"follow","max-snippet":"max-snippet:-1","max-image-preview":"max-image-preview:large","max-video-preview":"max-video-preview:-1"},"og_locale":"en_US","og_type":"article","og_title":"MOSES-BLECH - MOSES Robotic AI","og_description":"Das leistungsf\u00e4hige Werkzeug zur automatisierten Erstellung von Fasenschnitten MOSES-Blech automatisiert die Programmierung von Fasenschnitten hoher Qualit\u00e4t an ebenen Bauteilen. Aufw\u00e4ndige Programmieraufgaben wie Schwei\u00dfnahtvorbereitung und die Herstellung von Funktions- oder Sichtfl\u00e4chen &hellip; Continue reading \"MOSES-BLECH\"","og_url":"https:\/\/autocam.de\/en\/moses-sheet-blech\/","og_site_name":"MOSES Robotic AI","article_modified_time":"2022-05-31T07:22:52+00:00","og_image":[{"url":"https:\/\/autocam.de\/wp-content\/uploads\/2021\/08\/mooreast-2-1024x686.jpg","type":"","width":"","height":""}],"twitter_card":"summary_large_image","twitter_misc":{"Est. reading time":"1 minute"},"schema":{"@context":"https:\/\/schema.org","@graph":[{"@type":"WebPage","@id":"https:\/\/autocam.de\/moses-sheet-blech","url":"https:\/\/autocam.de\/moses-sheet-blech","name":"MOSES-BLECH - MOSES Robotic AI","isPartOf":{"@id":"https:\/\/autocam.de\/#website"},"primaryImageOfPage":{"@id":"https:\/\/autocam.de\/moses-sheet-blech#primaryimage"},"image":{"@id":"https:\/\/autocam.de\/moses-sheet-blech#primaryimage"},"thumbnailUrl":"https:\/\/autocam.de\/wp-content\/uploads\/2021\/08\/mooreast-2-1024x686.jpg","datePublished":"2021-08-23T13:18:31+00:00","dateModified":"2022-05-31T07:22:52+00:00","breadcrumb":{"@id":"https:\/\/autocam.de\/moses-sheet-blech#breadcrumb"},"inLanguage":"en-US","potentialAction":[{"@type":"ReadAction","target":["https:\/\/autocam.de\/moses-sheet-blech"]}]},{"@type":"ImageObject","inLanguage":"en-US","@id":"https:\/\/autocam.de\/moses-sheet-blech#primaryimage","url":"https:\/\/autocam.de\/wp-content\/uploads\/2021\/08\/mooreast-2-1024x686.jpg","contentUrl":"https:\/\/autocam.de\/wp-content\/uploads\/2021\/08\/mooreast-2-1024x686.jpg"},{"@type":"BreadcrumbList","@id":"https:\/\/autocam.de\/moses-sheet-blech#breadcrumb","itemListElement":[{"@type":"ListItem","position":1,"name":"Startseite","item":"https:\/\/autocam.de\/"},{"@type":"ListItem","position":2,"name":"MOSES-BLECH"}]},{"@type":"WebSite","@id":"https:\/\/autocam.de\/#website","url":"https:\/\/autocam.de\/","name":"MOSES Robotic AI","description":"Fast Automatic Offline-Programming","publisher":{"@id":"https:\/\/autocam.de\/#organization"},"potentialAction":[{"@type":"SearchAction","target":{"@type":"EntryPoint","urlTemplate":"https:\/\/autocam.de\/?s={search_term_string}"},"query-input":{"@type":"PropertyValueSpecification","valueRequired":true,"valueName":"search_term_string"}}],"inLanguage":"en-US"},{"@type":"Organization","@id":"https:\/\/autocam.de\/#organization","name":"AUTOCAM","url":"https:\/\/autocam.de\/","logo":{"@type":"ImageObject","inLanguage":"en-US","@id":"https:\/\/autocam.de\/#\/schema\/logo\/image\/","url":"https:\/\/autocam.de\/wp-content\/uploads\/2020\/09\/cropped-autocam_logo_transparent_ohne_schrift_hell_re_512.png","contentUrl":"https:\/\/autocam.de\/wp-content\/uploads\/2020\/09\/cropped-autocam_logo_transparent_ohne_schrift_hell_re_512.png","width":250,"height":250,"caption":"AUTOCAM"},"image":{"@id":"https:\/\/autocam.de\/#\/schema\/logo\/image\/"}}]}},"_links":{"self":[{"href":"https:\/\/autocam.de\/en\/wp-json\/wp\/v2\/pages\/58","targetHints":{"allow":["GET"]}}],"collection":[{"href":"https:\/\/autocam.de\/en\/wp-json\/wp\/v2\/pages"}],"about":[{"href":"https:\/\/autocam.de\/en\/wp-json\/wp\/v2\/types\/page"}],"author":[{"embeddable":true,"href":"https:\/\/autocam.de\/en\/wp-json\/wp\/v2\/users\/1"}],"replies":[{"embeddable":true,"href":"https:\/\/autocam.de\/en\/wp-json\/wp\/v2\/comments?post=58"}],"version-history":[{"count":10,"href":"https:\/\/autocam.de\/en\/wp-json\/wp\/v2\/pages\/58\/revisions"}],"predecessor-version":[{"id":1252,"href":"https:\/\/autocam.de\/en\/wp-json\/wp\/v2\/pages\/58\/revisions\/1252"}],"wp:attachment":[{"href":"https:\/\/autocam.de\/en\/wp-json\/wp\/v2\/media?parent=58"}],"curies":[{"name":"wp","href":"https:\/\/api.w.org\/{rel}","templated":true}]}}