{"id":9,"date":"2020-08-31T14:48:51","date_gmt":"2020-08-31T14:48:51","guid":{"rendered":"https:\/\/mosesroboticaiautoma.live-website.com\/?page_id=9"},"modified":"2022-06-13T09:36:33","modified_gmt":"2022-06-13T09:36:33","slug":"automatische-offline-programmierung-mit-moses-robotic-ai","status":"publish","type":"page","link":"https:\/\/autocam.de\/en\/","title":{"rendered":"Automatic offline programming with MOSES ROBOTICS AI"},"content":{"rendered":"<p>MOSES Robotics AI automatically programs welding and cutting robots offline while drinking a cup of coffee. You select the CAD files to process and MOSES takes care of the rest. Including the inaccuracies and tolerances of your parts, which MOSES automatically determines and compensates for. No reteaching, no learning a programming language, and no in-depth CAD knowledge required. Prerequisites? Suitable CAD data, a flexibly movable and calibrated robot, and accessibility of the weld seams. No additional specialist for robot programming! And while MOSES does the robot offline programming, the robot does what it is supposed to do: It produces.<\/p>","protected":false},"excerpt":{"rendered":"<p>MOSES Robotic AI programmiert Schwei\u00df- und Schneidroboter automatisch offline, w\u00e4hrend sie eine Tasse Kaffee trinken. Sie w\u00e4hlen die CAD-Dateien zur Verarbeitung aus und MOSES k\u00fcmmert sich um den Rest. Einschlie\u00dflich &hellip; <\/p>\n<p class=\"link-more\"><a href=\"https:\/\/autocam.de\/en\/\" class=\"more-link\">Continue reading<span class=\"screen-reader-text\"> &#8222;Automatische Offline Programmierung mit MOSES ROBOTICS  AI&#8220;<\/span><\/a><\/p>","protected":false},"author":1,"featured_media":0,"parent":0,"menu_order":0,"comment_status":"closed","ping_status":"closed","template":"","meta":{"footnotes":""},"class_list":["post-9","page","type-page","status-publish","hentry"],"yoast_head":"<!-- This site is optimized with the Yoast SEO plugin v27.4 - https:\/\/yoast.com\/product\/yoast-seo-wordpress\/ -->\n<title>Automatische Offline Programmierung mit MOSES ROBOTICS AI - MOSES Robotic AI<\/title>\n<meta name=\"robots\" content=\"noindex, follow, max-snippet:-1, max-image-preview:large, max-video-preview:-1\" \/>\n<meta property=\"og:locale\" content=\"en_US\" \/>\n<meta property=\"og:type\" content=\"article\" \/>\n<meta property=\"og:title\" content=\"Automatische Offline Programmierung mit MOSES ROBOTICS AI - MOSES Robotic AI\" \/>\n<meta property=\"og:description\" content=\"MOSES Robotic AI programmiert Schwei\u00df- und Schneidroboter automatisch offline, w\u00e4hrend sie eine Tasse Kaffee trinken. Sie w\u00e4hlen die CAD-Dateien zur Verarbeitung aus und MOSES k\u00fcmmert sich um den Rest. Einschlie\u00dflich &hellip; Continue reading &quot;Automatische Offline Programmierung mit MOSES ROBOTICS AI&quot;\" \/>\n<meta property=\"og:url\" content=\"https:\/\/autocam.de\/en\/\" \/>\n<meta property=\"og:site_name\" content=\"MOSES Robotic AI\" \/>\n<meta property=\"article:modified_time\" content=\"2022-06-13T09:36:33+00:00\" \/>\n<meta name=\"twitter:card\" content=\"summary_large_image\" \/>\n<script type=\"application\/ld+json\" class=\"yoast-schema-graph\">{\"@context\":\"https:\\\/\\\/schema.org\",\"@graph\":[{\"@type\":\"WebPage\",\"@id\":\"https:\\\/\\\/autocam.de\\\/\",\"url\":\"https:\\\/\\\/autocam.de\\\/\",\"name\":\"Automatische Offline Programmierung mit MOSES ROBOTICS AI - MOSES Robotic AI\",\"isPartOf\":{\"@id\":\"https:\\\/\\\/autocam.de\\\/#website\"},\"datePublished\":\"2020-08-31T14:48:51+00:00\",\"dateModified\":\"2022-06-13T09:36:33+00:00\",\"breadcrumb\":{\"@id\":\"https:\\\/\\\/autocam.de\\\/#breadcrumb\"},\"inLanguage\":\"en-US\",\"potentialAction\":[{\"@type\":\"ReadAction\",\"target\":[\"https:\\\/\\\/autocam.de\\\/\"]}]},{\"@type\":\"BreadcrumbList\",\"@id\":\"https:\\\/\\\/autocam.de\\\/#breadcrumb\",\"itemListElement\":[{\"@type\":\"ListItem\",\"position\":1,\"name\":\"Startseite\",\"item\":\"https:\\\/\\\/autocam.de\\\/\"},{\"@type\":\"ListItem\",\"position\":2,\"name\":\"Automatische Offline Programmierung mit MOSES ROBOTICS AI\"}]},{\"@type\":\"WebSite\",\"@id\":\"https:\\\/\\\/autocam.de\\\/#website\",\"url\":\"https:\\\/\\\/autocam.de\\\/\",\"name\":\"MOSES Robotic AI\",\"description\":\"Fast Automatic Offline-Programming\",\"publisher\":{\"@id\":\"https:\\\/\\\/autocam.de\\\/#organization\"},\"potentialAction\":[{\"@type\":\"SearchAction\",\"target\":{\"@type\":\"EntryPoint\",\"urlTemplate\":\"https:\\\/\\\/autocam.de\\\/?s={search_term_string}\"},\"query-input\":{\"@type\":\"PropertyValueSpecification\",\"valueRequired\":true,\"valueName\":\"search_term_string\"}}],\"inLanguage\":\"en-US\"},{\"@type\":\"Organization\",\"@id\":\"https:\\\/\\\/autocam.de\\\/#organization\",\"name\":\"AUTOCAM\",\"url\":\"https:\\\/\\\/autocam.de\\\/\",\"logo\":{\"@type\":\"ImageObject\",\"inLanguage\":\"en-US\",\"@id\":\"https:\\\/\\\/autocam.de\\\/#\\\/schema\\\/logo\\\/image\\\/\",\"url\":\"https:\\\/\\\/autocam.de\\\/wp-content\\\/uploads\\\/2020\\\/09\\\/cropped-autocam_logo_transparent_ohne_schrift_hell_re_512.png\",\"contentUrl\":\"https:\\\/\\\/autocam.de\\\/wp-content\\\/uploads\\\/2020\\\/09\\\/cropped-autocam_logo_transparent_ohne_schrift_hell_re_512.png\",\"width\":250,\"height\":250,\"caption\":\"AUTOCAM\"},\"image\":{\"@id\":\"https:\\\/\\\/autocam.de\\\/#\\\/schema\\\/logo\\\/image\\\/\"}}]}<\/script>\n<!-- \/ Yoast SEO plugin. -->","yoast_head_json":{"title":"Automatische Offline Programmierung mit MOSES ROBOTICS AI - MOSES Robotic AI","robots":{"index":"noindex","follow":"follow","max-snippet":"max-snippet:-1","max-image-preview":"max-image-preview:large","max-video-preview":"max-video-preview:-1"},"og_locale":"en_US","og_type":"article","og_title":"Automatische Offline Programmierung mit MOSES ROBOTICS AI - MOSES Robotic AI","og_description":"MOSES Robotic AI programmiert Schwei\u00df- und Schneidroboter automatisch offline, w\u00e4hrend sie eine Tasse Kaffee trinken. Sie w\u00e4hlen die CAD-Dateien zur Verarbeitung aus und MOSES k\u00fcmmert sich um den Rest. Einschlie\u00dflich &hellip; Continue reading \"Automatische Offline Programmierung mit MOSES ROBOTICS AI\"","og_url":"https:\/\/autocam.de\/en\/","og_site_name":"MOSES Robotic AI","article_modified_time":"2022-06-13T09:36:33+00:00","twitter_card":"summary_large_image","schema":{"@context":"https:\/\/schema.org","@graph":[{"@type":"WebPage","@id":"https:\/\/autocam.de\/","url":"https:\/\/autocam.de\/","name":"Automatische Offline Programmierung mit MOSES ROBOTICS AI - MOSES Robotic AI","isPartOf":{"@id":"https:\/\/autocam.de\/#website"},"datePublished":"2020-08-31T14:48:51+00:00","dateModified":"2022-06-13T09:36:33+00:00","breadcrumb":{"@id":"https:\/\/autocam.de\/#breadcrumb"},"inLanguage":"en-US","potentialAction":[{"@type":"ReadAction","target":["https:\/\/autocam.de\/"]}]},{"@type":"BreadcrumbList","@id":"https:\/\/autocam.de\/#breadcrumb","itemListElement":[{"@type":"ListItem","position":1,"name":"Startseite","item":"https:\/\/autocam.de\/"},{"@type":"ListItem","position":2,"name":"Automatische Offline Programmierung mit MOSES ROBOTICS AI"}]},{"@type":"WebSite","@id":"https:\/\/autocam.de\/#website","url":"https:\/\/autocam.de\/","name":"MOSES Robotic AI","description":"Fast Automatic Offline-Programming","publisher":{"@id":"https:\/\/autocam.de\/#organization"},"potentialAction":[{"@type":"SearchAction","target":{"@type":"EntryPoint","urlTemplate":"https:\/\/autocam.de\/?s={search_term_string}"},"query-input":{"@type":"PropertyValueSpecification","valueRequired":true,"valueName":"search_term_string"}}],"inLanguage":"en-US"},{"@type":"Organization","@id":"https:\/\/autocam.de\/#organization","name":"AUTOCAM","url":"https:\/\/autocam.de\/","logo":{"@type":"ImageObject","inLanguage":"en-US","@id":"https:\/\/autocam.de\/#\/schema\/logo\/image\/","url":"https:\/\/autocam.de\/wp-content\/uploads\/2020\/09\/cropped-autocam_logo_transparent_ohne_schrift_hell_re_512.png","contentUrl":"https:\/\/autocam.de\/wp-content\/uploads\/2020\/09\/cropped-autocam_logo_transparent_ohne_schrift_hell_re_512.png","width":250,"height":250,"caption":"AUTOCAM"},"image":{"@id":"https:\/\/autocam.de\/#\/schema\/logo\/image\/"}}]}},"_links":{"self":[{"href":"https:\/\/autocam.de\/en\/wp-json\/wp\/v2\/pages\/9","targetHints":{"allow":["GET"]}}],"collection":[{"href":"https:\/\/autocam.de\/en\/wp-json\/wp\/v2\/pages"}],"about":[{"href":"https:\/\/autocam.de\/en\/wp-json\/wp\/v2\/types\/page"}],"author":[{"embeddable":true,"href":"https:\/\/autocam.de\/en\/wp-json\/wp\/v2\/users\/1"}],"replies":[{"embeddable":true,"href":"https:\/\/autocam.de\/en\/wp-json\/wp\/v2\/comments?post=9"}],"version-history":[{"count":30,"href":"https:\/\/autocam.de\/en\/wp-json\/wp\/v2\/pages\/9\/revisions"}],"predecessor-version":[{"id":1300,"href":"https:\/\/autocam.de\/en\/wp-json\/wp\/v2\/pages\/9\/revisions\/1300"}],"wp:attachment":[{"href":"https:\/\/autocam.de\/en\/wp-json\/wp\/v2\/media?parent=9"}],"curies":[{"name":"wp","href":"https:\/\/api.w.org\/{rel}","templated":true}]}}