{"id":947,"date":"2022-05-20T13:12:24","date_gmt":"2022-05-20T13:12:24","guid":{"rendered":"https:\/\/mosesroboticaiautoma.live-website.com\/?page_id=947"},"modified":"2022-05-31T08:37:46","modified_gmt":"2022-05-31T08:37:46","slug":"behaelterbau","status":"publish","type":"page","link":"https:\/\/autocam.de\/en\/automatische-offline-programmierung-mit-moses-robotic-ai\/behaelterbau","title":{"rendered":"Vessel Construction"},"content":{"rendered":"<div class=\"wp-block-media-text alignwide is-stacked-on-mobile\"><figure class=\"wp-block-media-text__media\"><img fetchpriority=\"high\" decoding=\"async\" width=\"1255\" height=\"933\" src=\"https:\/\/autocam.de\/wp-content\/uploads\/2022\/02\/IMG_5988.jpg\" alt=\"\" class=\"wp-image-585 size-full\" srcset=\"https:\/\/autocam.de\/wp-content\/uploads\/2022\/02\/IMG_5988.jpg 1255w, https:\/\/autocam.de\/wp-content\/uploads\/2022\/02\/IMG_5988-300x223.jpg 300w, https:\/\/autocam.de\/wp-content\/uploads\/2022\/02\/IMG_5988-768x571.jpg 768w, https:\/\/autocam.de\/wp-content\/uploads\/2022\/02\/IMG_5988-16x12.jpg 16w\" sizes=\"(max-width: 767px) 89vw, (max-width: 1000px) 54vw, (max-width: 1071px) 543px, 580px\" \/><\/figure><div class=\"wp-block-media-text__content\">\n<p class=\"has-medium-font-size\"><a href=\"https:\/\/autocam.de\/en\/automatische-offline-programmierung-mit-moses-robotic-ai\/moses-head-cut\/\" data-type=\"URL\" data-id=\"https:\/\/autocam.de\/automatische-offline-programmierung-mit-moses-robotic-ai\/moses-head-cut\">Cutting of heads<\/a><\/p>\n<\/div><\/div>\n\n\n\n<div class=\"wp-block-media-text alignwide is-stacked-on-mobile is-image-fill\"><figure class=\"wp-block-media-text__media\" style=\"background-image:url(https:\/\/autocam.de\/wp-content\/uploads\/2022\/05\/9c014b38-0242-4d58-a2b3-7fc52dad3c59-Kopie.jpg);background-position:54% 31%\"><img decoding=\"async\" width=\"480\" height=\"640\" src=\"https:\/\/autocam.de\/wp-content\/uploads\/2022\/05\/9c014b38-0242-4d58-a2b3-7fc52dad3c59-Kopie.jpg\" alt=\"\" class=\"wp-image-812 size-full\" srcset=\"https:\/\/autocam.de\/wp-content\/uploads\/2022\/05\/9c014b38-0242-4d58-a2b3-7fc52dad3c59-Kopie.jpg 480w, https:\/\/autocam.de\/wp-content\/uploads\/2022\/05\/9c014b38-0242-4d58-a2b3-7fc52dad3c59-Kopie-225x300.jpg 225w, https:\/\/autocam.de\/wp-content\/uploads\/2022\/05\/9c014b38-0242-4d58-a2b3-7fc52dad3c59-Kopie-9x12.jpg 9w\" sizes=\"(max-width: 480px) 100vw, 480px\" \/><\/figure><div class=\"wp-block-media-text__content\">\n<p class=\"has-medium-font-size\"><a href=\"https:\/\/autocam.de\/en\/automatische-offline-programmierung-mit-moses-robotic-ai\/moses-head-arc\/\" data-type=\"URL\" data-id=\"https:\/\/autocam.de\/automatische-offline-programmierung-mit-moses-robotic-ai\/moses-head-arc\">Welding of nozzles into heads<\/a><\/p>\n<\/div><\/div>\n\n\n\n<div class=\"wp-block-media-text alignwide is-stacked-on-mobile\"><figure class=\"wp-block-media-text__media\"><img decoding=\"async\" width=\"2200\" height=\"1467\" src=\"https:\/\/autocam.de\/wp-content\/uploads\/2022\/01\/IMG_4920-2200x1467.jpg\" alt=\"\" class=\"wp-image-441 size-full\" srcset=\"https:\/\/autocam.de\/wp-content\/uploads\/2022\/01\/IMG_4920-2200x1467.jpg 2200w, https:\/\/autocam.de\/wp-content\/uploads\/2022\/01\/IMG_4920-300x200.jpg 300w, https:\/\/autocam.de\/wp-content\/uploads\/2022\/01\/IMG_4920-768x512.jpg 768w, https:\/\/autocam.de\/wp-content\/uploads\/2022\/01\/IMG_4920-1536x1024.jpg 1536w, https:\/\/autocam.de\/wp-content\/uploads\/2022\/01\/IMG_4920-2048x1365.jpg 2048w, https:\/\/autocam.de\/wp-content\/uploads\/2022\/01\/IMG_4920-18x12.jpg 18w\" sizes=\"(max-width: 767px) 89vw, (max-width: 1000px) 54vw, (max-width: 1071px) 543px, 580px\" \/><\/figure><div class=\"wp-block-media-text__content\">\n<p class=\"has-medium-font-size\"><a href=\"https:\/\/autocam.de\/en\/automatische-offline-programmierung-mit-moses-robotic-ai\/moses-pipe\/\" data-type=\"URL\" data-id=\"https:\/\/autocam.de\/automatische-offline-programmierung-mit-moses-robotic-ai\/moses-pipe\">Cutting tank shells<\/a><\/p>\n<\/div><\/div>\n\n\n\n<div class=\"wp-block-media-text alignwide is-stacked-on-mobile\"><figure class=\"wp-block-media-text__media\"><img loading=\"lazy\" decoding=\"async\" width=\"1819\" height=\"1330\" src=\"https:\/\/autocam.de\/wp-content\/uploads\/2022\/02\/pipe_arc_techno-1.jpg\" alt=\"\" class=\"wp-image-525 size-full\" srcset=\"https:\/\/autocam.de\/wp-content\/uploads\/2022\/02\/pipe_arc_techno-1.jpg 1819w, https:\/\/autocam.de\/wp-content\/uploads\/2022\/02\/pipe_arc_techno-1-300x219.jpg 300w, https:\/\/autocam.de\/wp-content\/uploads\/2022\/02\/pipe_arc_techno-1-768x562.jpg 768w, https:\/\/autocam.de\/wp-content\/uploads\/2022\/02\/pipe_arc_techno-1-1536x1123.jpg 1536w, https:\/\/autocam.de\/wp-content\/uploads\/2022\/02\/pipe_arc_techno-1-16x12.jpg 16w\" sizes=\"(max-width: 767px) 89vw, (max-width: 1000px) 54vw, (max-width: 1071px) 543px, 580px\" \/><\/figure><div class=\"wp-block-media-text__content\">\n<p class=\"has-medium-font-size\"><a href=\"https:\/\/autocam.de\/en\/automatische-offline-programmierung-mit-moses-robotic-ai\/moses-pipe-arc\/\" data-type=\"URL\" data-id=\"https:\/\/autocam.de\/automatische-offline-programmierung-mit-moses-robotic-ai\/moses-pipe-arc\">Welding of nozzles into pipes<\/a><\/p>\n<\/div><\/div>\n\n\n\n<div class=\"wp-block-media-text alignwide is-stacked-on-mobile is-image-fill\"><figure class=\"wp-block-media-text__media\" style=\"background-image:url(https:\/\/autocam.de\/wp-content\/uploads\/2022\/02\/IMG_5306.jpg);background-position:50% 50%\"><img loading=\"lazy\" decoding=\"async\" width=\"1052\" height=\"921\" src=\"https:\/\/autocam.de\/wp-content\/uploads\/2022\/02\/IMG_5306.jpg\" alt=\"\" class=\"wp-image-579 size-full\" srcset=\"https:\/\/autocam.de\/wp-content\/uploads\/2022\/02\/IMG_5306.jpg 1052w, https:\/\/autocam.de\/wp-content\/uploads\/2022\/02\/IMG_5306-300x263.jpg 300w, https:\/\/autocam.de\/wp-content\/uploads\/2022\/02\/IMG_5306-768x672.jpg 768w, https:\/\/autocam.de\/wp-content\/uploads\/2022\/02\/IMG_5306-14x12.jpg 14w\" sizes=\"(max-width: 767px) 89vw, (max-width: 1000px) 54vw, (max-width: 1071px) 543px, 580px\" \/><\/figure><div class=\"wp-block-media-text__content\">\n<p class=\"has-medium-font-size\"><a href=\"https:\/\/autocam.de\/en\/automatische-offline-programmierung-mit-moses-robotic-ai\/moses-pipe-arc\/#WELD_HEAD\" data-type=\"URL\" data-id=\"https:\/\/autocam.de\/automatische-offline-programmierung-mit-moses-robotic-ai\/moses-pipe-arc#WELD_HEAD\">Welding heads on pipes<\/a><\/p>\n<\/div><\/div>\n\n\n\n<p><\/p>","protected":false},"excerpt":{"rendered":"<p>Schneiden von B\u00f6den Einschwei\u00dfen von Stutzen in B\u00f6den Schneiden von Beh\u00e4lterm\u00e4nteln Einschwei\u00dfen von Stutzen in Rohre Anschwei\u00dfen von B\u00f6den<\/p>","protected":false},"author":2,"featured_media":0,"parent":9,"menu_order":0,"comment_status":"closed","ping_status":"closed","template":"","meta":{"footnotes":""},"class_list":["post-947","page","type-page","status-publish","hentry"],"yoast_head":"<!-- This site is optimized with the Yoast SEO plugin v27.4 - https:\/\/yoast.com\/product\/yoast-seo-wordpress\/ -->\n<title>Beh\u00e4lterbau - MOSES Robotic AI<\/title>\n<meta name=\"robots\" content=\"noindex, follow, max-snippet:-1, max-image-preview:large, max-video-preview:-1\" \/>\n<meta property=\"og:locale\" content=\"en_US\" \/>\n<meta property=\"og:type\" content=\"article\" \/>\n<meta property=\"og:title\" content=\"Beh\u00e4lterbau - MOSES Robotic AI\" \/>\n<meta property=\"og:description\" content=\"Schneiden von B\u00f6den Einschwei\u00dfen von Stutzen in B\u00f6den Schneiden von Beh\u00e4lterm\u00e4nteln Einschwei\u00dfen von Stutzen in Rohre Anschwei\u00dfen von B\u00f6den\" \/>\n<meta property=\"og:url\" content=\"https:\/\/autocam.de\/en\/automatische-offline-programmierung-mit-moses-robotic-ai\/behaelterbau\/\" \/>\n<meta property=\"og:site_name\" content=\"MOSES Robotic AI\" \/>\n<meta property=\"article:modified_time\" content=\"2022-05-31T08:37:46+00:00\" \/>\n<meta property=\"og:image\" content=\"https:\/\/autocam.de\/wp-content\/uploads\/2022\/02\/IMG_5988.jpg\" \/>\n<meta name=\"twitter:card\" content=\"summary_large_image\" \/>\n<script type=\"application\/ld+json\" class=\"yoast-schema-graph\">{\"@context\":\"https:\\\/\\\/schema.org\",\"@graph\":[{\"@type\":\"WebPage\",\"@id\":\"https:\\\/\\\/autocam.de\\\/automatische-offline-programmierung-mit-moses-robotic-ai\\\/behaelterbau\",\"url\":\"https:\\\/\\\/autocam.de\\\/automatische-offline-programmierung-mit-moses-robotic-ai\\\/behaelterbau\",\"name\":\"Beh\u00e4lterbau - MOSES Robotic AI\",\"isPartOf\":{\"@id\":\"https:\\\/\\\/autocam.de\\\/#website\"},\"primaryImageOfPage\":{\"@id\":\"https:\\\/\\\/autocam.de\\\/automatische-offline-programmierung-mit-moses-robotic-ai\\\/behaelterbau#primaryimage\"},\"image\":{\"@id\":\"https:\\\/\\\/autocam.de\\\/automatische-offline-programmierung-mit-moses-robotic-ai\\\/behaelterbau#primaryimage\"},\"thumbnailUrl\":\"https:\\\/\\\/autocam.de\\\/wp-content\\\/uploads\\\/2022\\\/02\\\/IMG_5988.jpg\",\"datePublished\":\"2022-05-20T13:12:24+00:00\",\"dateModified\":\"2022-05-31T08:37:46+00:00\",\"breadcrumb\":{\"@id\":\"https:\\\/\\\/autocam.de\\\/automatische-offline-programmierung-mit-moses-robotic-ai\\\/behaelterbau#breadcrumb\"},\"inLanguage\":\"en-US\",\"potentialAction\":[{\"@type\":\"ReadAction\",\"target\":[\"https:\\\/\\\/autocam.de\\\/automatische-offline-programmierung-mit-moses-robotic-ai\\\/behaelterbau\"]}]},{\"@type\":\"ImageObject\",\"inLanguage\":\"en-US\",\"@id\":\"https:\\\/\\\/autocam.de\\\/automatische-offline-programmierung-mit-moses-robotic-ai\\\/behaelterbau#primaryimage\",\"url\":\"https:\\\/\\\/autocam.de\\\/wp-content\\\/uploads\\\/2022\\\/02\\\/IMG_5988.jpg\",\"contentUrl\":\"https:\\\/\\\/autocam.de\\\/wp-content\\\/uploads\\\/2022\\\/02\\\/IMG_5988.jpg\"},{\"@type\":\"BreadcrumbList\",\"@id\":\"https:\\\/\\\/autocam.de\\\/automatische-offline-programmierung-mit-moses-robotic-ai\\\/behaelterbau#breadcrumb\",\"itemListElement\":[{\"@type\":\"ListItem\",\"position\":1,\"name\":\"Startseite\",\"item\":\"https:\\\/\\\/autocam.de\\\/\"},{\"@type\":\"ListItem\",\"position\":2,\"name\":\"Automatische Offline Programmierung mit MOSES ROBOTICS AI\",\"item\":\"https:\\\/\\\/autocam.de\\\/\"},{\"@type\":\"ListItem\",\"position\":3,\"name\":\"Beh\u00e4lterbau\"}]},{\"@type\":\"WebSite\",\"@id\":\"https:\\\/\\\/autocam.de\\\/#website\",\"url\":\"https:\\\/\\\/autocam.de\\\/\",\"name\":\"MOSES Robotic AI\",\"description\":\"Fast Automatic Offline-Programming\",\"publisher\":{\"@id\":\"https:\\\/\\\/autocam.de\\\/#organization\"},\"potentialAction\":[{\"@type\":\"SearchAction\",\"target\":{\"@type\":\"EntryPoint\",\"urlTemplate\":\"https:\\\/\\\/autocam.de\\\/?s={search_term_string}\"},\"query-input\":{\"@type\":\"PropertyValueSpecification\",\"valueRequired\":true,\"valueName\":\"search_term_string\"}}],\"inLanguage\":\"en-US\"},{\"@type\":\"Organization\",\"@id\":\"https:\\\/\\\/autocam.de\\\/#organization\",\"name\":\"AUTOCAM\",\"url\":\"https:\\\/\\\/autocam.de\\\/\",\"logo\":{\"@type\":\"ImageObject\",\"inLanguage\":\"en-US\",\"@id\":\"https:\\\/\\\/autocam.de\\\/#\\\/schema\\\/logo\\\/image\\\/\",\"url\":\"https:\\\/\\\/autocam.de\\\/wp-content\\\/uploads\\\/2020\\\/09\\\/cropped-autocam_logo_transparent_ohne_schrift_hell_re_512.png\",\"contentUrl\":\"https:\\\/\\\/autocam.de\\\/wp-content\\\/uploads\\\/2020\\\/09\\\/cropped-autocam_logo_transparent_ohne_schrift_hell_re_512.png\",\"width\":250,\"height\":250,\"caption\":\"AUTOCAM\"},\"image\":{\"@id\":\"https:\\\/\\\/autocam.de\\\/#\\\/schema\\\/logo\\\/image\\\/\"}}]}<\/script>\n<!-- \/ Yoast SEO plugin. -->","yoast_head_json":{"title":"Beh\u00e4lterbau - MOSES Robotic AI","robots":{"index":"noindex","follow":"follow","max-snippet":"max-snippet:-1","max-image-preview":"max-image-preview:large","max-video-preview":"max-video-preview:-1"},"og_locale":"en_US","og_type":"article","og_title":"Beh\u00e4lterbau - MOSES Robotic AI","og_description":"Schneiden von B\u00f6den Einschwei\u00dfen von Stutzen in B\u00f6den Schneiden von Beh\u00e4lterm\u00e4nteln Einschwei\u00dfen von Stutzen in Rohre Anschwei\u00dfen von B\u00f6den","og_url":"https:\/\/autocam.de\/en\/automatische-offline-programmierung-mit-moses-robotic-ai\/behaelterbau\/","og_site_name":"MOSES Robotic AI","article_modified_time":"2022-05-31T08:37:46+00:00","og_image":[{"url":"https:\/\/autocam.de\/wp-content\/uploads\/2022\/02\/IMG_5988.jpg","type":"","width":"","height":""}],"twitter_card":"summary_large_image","schema":{"@context":"https:\/\/schema.org","@graph":[{"@type":"WebPage","@id":"https:\/\/autocam.de\/automatische-offline-programmierung-mit-moses-robotic-ai\/behaelterbau","url":"https:\/\/autocam.de\/automatische-offline-programmierung-mit-moses-robotic-ai\/behaelterbau","name":"Beh\u00e4lterbau - MOSES Robotic AI","isPartOf":{"@id":"https:\/\/autocam.de\/#website"},"primaryImageOfPage":{"@id":"https:\/\/autocam.de\/automatische-offline-programmierung-mit-moses-robotic-ai\/behaelterbau#primaryimage"},"image":{"@id":"https:\/\/autocam.de\/automatische-offline-programmierung-mit-moses-robotic-ai\/behaelterbau#primaryimage"},"thumbnailUrl":"https:\/\/autocam.de\/wp-content\/uploads\/2022\/02\/IMG_5988.jpg","datePublished":"2022-05-20T13:12:24+00:00","dateModified":"2022-05-31T08:37:46+00:00","breadcrumb":{"@id":"https:\/\/autocam.de\/automatische-offline-programmierung-mit-moses-robotic-ai\/behaelterbau#breadcrumb"},"inLanguage":"en-US","potentialAction":[{"@type":"ReadAction","target":["https:\/\/autocam.de\/automatische-offline-programmierung-mit-moses-robotic-ai\/behaelterbau"]}]},{"@type":"ImageObject","inLanguage":"en-US","@id":"https:\/\/autocam.de\/automatische-offline-programmierung-mit-moses-robotic-ai\/behaelterbau#primaryimage","url":"https:\/\/autocam.de\/wp-content\/uploads\/2022\/02\/IMG_5988.jpg","contentUrl":"https:\/\/autocam.de\/wp-content\/uploads\/2022\/02\/IMG_5988.jpg"},{"@type":"BreadcrumbList","@id":"https:\/\/autocam.de\/automatische-offline-programmierung-mit-moses-robotic-ai\/behaelterbau#breadcrumb","itemListElement":[{"@type":"ListItem","position":1,"name":"Startseite","item":"https:\/\/autocam.de\/"},{"@type":"ListItem","position":2,"name":"Automatische Offline Programmierung mit MOSES ROBOTICS AI","item":"https:\/\/autocam.de\/"},{"@type":"ListItem","position":3,"name":"Beh\u00e4lterbau"}]},{"@type":"WebSite","@id":"https:\/\/autocam.de\/#website","url":"https:\/\/autocam.de\/","name":"MOSES Robotic AI","description":"Fast Automatic Offline-Programming","publisher":{"@id":"https:\/\/autocam.de\/#organization"},"potentialAction":[{"@type":"SearchAction","target":{"@type":"EntryPoint","urlTemplate":"https:\/\/autocam.de\/?s={search_term_string}"},"query-input":{"@type":"PropertyValueSpecification","valueRequired":true,"valueName":"search_term_string"}}],"inLanguage":"en-US"},{"@type":"Organization","@id":"https:\/\/autocam.de\/#organization","name":"AUTOCAM","url":"https:\/\/autocam.de\/","logo":{"@type":"ImageObject","inLanguage":"en-US","@id":"https:\/\/autocam.de\/#\/schema\/logo\/image\/","url":"https:\/\/autocam.de\/wp-content\/uploads\/2020\/09\/cropped-autocam_logo_transparent_ohne_schrift_hell_re_512.png","contentUrl":"https:\/\/autocam.de\/wp-content\/uploads\/2020\/09\/cropped-autocam_logo_transparent_ohne_schrift_hell_re_512.png","width":250,"height":250,"caption":"AUTOCAM"},"image":{"@id":"https:\/\/autocam.de\/#\/schema\/logo\/image\/"}}]}},"_links":{"self":[{"href":"https:\/\/autocam.de\/en\/wp-json\/wp\/v2\/pages\/947","targetHints":{"allow":["GET"]}}],"collection":[{"href":"https:\/\/autocam.de\/en\/wp-json\/wp\/v2\/pages"}],"about":[{"href":"https:\/\/autocam.de\/en\/wp-json\/wp\/v2\/types\/page"}],"author":[{"embeddable":true,"href":"https:\/\/autocam.de\/en\/wp-json\/wp\/v2\/users\/2"}],"replies":[{"embeddable":true,"href":"https:\/\/autocam.de\/en\/wp-json\/wp\/v2\/comments?post=947"}],"version-history":[{"count":9,"href":"https:\/\/autocam.de\/en\/wp-json\/wp\/v2\/pages\/947\/revisions"}],"predecessor-version":[{"id":1261,"href":"https:\/\/autocam.de\/en\/wp-json\/wp\/v2\/pages\/947\/revisions\/1261"}],"up":[{"embeddable":true,"href":"https:\/\/autocam.de\/en\/wp-json\/wp\/v2\/pages\/9"}],"wp:attachment":[{"href":"https:\/\/autocam.de\/en\/wp-json\/wp\/v2\/media?parent=947"}],"curies":[{"name":"wp","href":"https:\/\/api.w.org\/{rel}","templated":true}]}}